{"id":20378,"date":"2021-03-09T08:46:03","date_gmt":"2021-03-09T07:46:03","guid":{"rendered":"https:\/\/www.astri.at\/shop\/?post_type=product&#038;p=20378"},"modified":"2025-12-09T11:20:58","modified_gmt":"2025-12-09T10:20:58","slug":"gutschein-100-euro","status":"publish","type":"product","link":"https:\/\/www.astri.at\/shop\/produkt\/gutschein-100-euro\/","title":{"rendered":"Gutschein 100.- Euro"},"content":{"rendered":"","protected":false},"excerpt":{"rendered":"<p>Gutschein \u00fcber <strong>EINHUNDERT EURO,<\/strong><br \/>\ng\u00fcltig auf das gesamte <strong><em>astri<\/em><\/strong> Sortiment.<\/p>\n<p>Nach der Bestellung, bekommen Sie den Gutschein per Post von uns zugesandt.<\/p>\n<h6><em>(Gutschein einmalig einl\u00f6sbar. Aktion nicht g\u00fcltig auf bereits reduzierte Ware. <\/em><br \/>\n<em>Nicht mit anderen Rabatten und Gutscheinen einl\u00f6sbar. Keine Barabl\u00f6se m\u00f6glich.)<\/em><\/h6>\n","protected":false},"featured_media":20379,"comment_status":"open","ping_status":"closed","template":"","meta":[],"product_brand":[],"product_cat":[136],"product_tag":[],"class_list":{"0":"post-20378","1":"product","2":"type-product","3":"status-publish","4":"has-post-thumbnail","6":"product_cat-gutschein","8":"first","9":"instock","10":"virtual","11":"purchasable","12":"product-type-simple"},"jetpack_sharing_enabled":true,"_links":{"self":[{"href":"https:\/\/www.astri.at\/shop\/wp-json\/wp\/v2\/product\/20378","targetHints":{"allow":["GET"]}}],"collection":[{"href":"https:\/\/www.astri.at\/shop\/wp-json\/wp\/v2\/product"}],"about":[{"href":"https:\/\/www.astri.at\/shop\/wp-json\/wp\/v2\/types\/product"}],"replies":[{"embeddable":true,"href":"https:\/\/www.astri.at\/shop\/wp-json\/wp\/v2\/comments?post=20378"}],"wp:featuredmedia":[{"embeddable":true,"href":"https:\/\/www.astri.at\/shop\/wp-json\/wp\/v2\/media\/20379"}],"wp:attachment":[{"href":"https:\/\/www.astri.at\/shop\/wp-json\/wp\/v2\/media?parent=20378"}],"wp:term":[{"taxonomy":"product_brand","embeddable":true,"href":"https:\/\/www.astri.at\/shop\/wp-json\/wp\/v2\/product_brand?post=20378"},{"taxonomy":"product_cat","embeddable":true,"href":"https:\/\/www.astri.at\/shop\/wp-json\/wp\/v2\/product_cat?post=20378"},{"taxonomy":"product_tag","embeddable":true,"href":"https:\/\/www.astri.at\/shop\/wp-json\/wp\/v2\/product_tag?post=20378"}],"curies":[{"name":"wp","href":"https:\/\/api.w.org\/{rel}","templated":true}]}}