{"id":20290,"date":"2021-02-22T08:45:14","date_gmt":"2021-02-22T07:45:14","guid":{"rendered":"https:\/\/www.astri.at\/shop\/?post_type=product&#038;p=20290"},"modified":"2026-03-03T09:37:27","modified_gmt":"2026-03-03T08:37:27","slug":"david-170-08","status":"publish","type":"product","link":"https:\/\/www.astri.at\/shop\/produkt\/david-170-08\/","title":{"rendered":"DAVID 170\/08 Woll-Walk"},"content":{"rendered":"<p><strong>Qualit\u00e4t.: 170 (Walkstoff )<\/strong><\/p>\n<p><strong>90% Wolle, 10% Polyester<\/strong><\/p>\n<p>Nat\u00fcrlicher Walkstoff. F\u00fcr k\u00fchlere Jagdperioden.<\/p>\n<p>Ideale Eigenschaften wie; weicher Griff, hohe Isolationswerte, atmungsaktiv, hohe Feuchtigkeitsaufnahme und schnelle Schwei\u00dfableitung vom K\u00f6rper. Dadurch keine Verdunstungsk\u00e4lte und somit kein Energieverlust.<\/p>\n<p>Walkstoffe sind au\u00dferdem antibakteriell und antistatisch.<\/p>\n<p><a href=\"https:\/\/www.astri.at\/shop\/astri_media\/2020\/09\/Astri_Jagdkatalog_2018.pdf\" target=\"_blank\" rel=\"noopener noreferrer\"><strong>\u00bb\u00bb JAGDKATALOG DOWNLOAD<\/strong><\/a><\/p>\n","protected":false},"excerpt":{"rendered":"<p><strong>Woll-Walk Jacke in uriger Optik.<\/strong><\/p>\n<p>\u25cf Walkstoff<br \/>\n\u25cf Aufh\u00e4nger im Kragen<br \/>\n\u25cf 3 x RV Taschen<br \/>\n\u25cf Kordelzug im Bund<br \/>\n\u25cf Kragen abgef\u00fcttert<br \/>\n\u25cf Schwarze Kontrastn\u00e4hte<br \/>\n\u25cf Pulsw\u00e4rmer<\/p>\n<p>&nbsp;<\/p>\n<h6><\/h6>\n<h6><\/h6>\n","protected":false},"featured_media":20340,"comment_status":"open","ping_status":"closed","template":"","meta":[],"product_brand":[],"product_cat":[107,64,50],"product_tag":[],"class_list":{"0":"post-20290","1":"product","2":"type-product","3":"status-publish","4":"has-post-thumbnail","6":"product_cat-jacken-jagd","7":"product_cat-jacken-unisex","8":"product_cat-jagdbekleidung","10":"first","11":"instock","12":"taxable","13":"shipping-taxable","14":"purchasable","15":"product-type-variable"},"jetpack_sharing_enabled":true,"_links":{"self":[{"href":"https:\/\/www.astri.at\/shop\/wp-json\/wp\/v2\/product\/20290","targetHints":{"allow":["GET"]}}],"collection":[{"href":"https:\/\/www.astri.at\/shop\/wp-json\/wp\/v2\/product"}],"about":[{"href":"https:\/\/www.astri.at\/shop\/wp-json\/wp\/v2\/types\/product"}],"replies":[{"embeddable":true,"href":"https:\/\/www.astri.at\/shop\/wp-json\/wp\/v2\/comments?post=20290"}],"wp:featuredmedia":[{"embeddable":true,"href":"https:\/\/www.astri.at\/shop\/wp-json\/wp\/v2\/media\/20340"}],"wp:attachment":[{"href":"https:\/\/www.astri.at\/shop\/wp-json\/wp\/v2\/media?parent=20290"}],"wp:term":[{"taxonomy":"product_brand","embeddable":true,"href":"https:\/\/www.astri.at\/shop\/wp-json\/wp\/v2\/product_brand?post=20290"},{"taxonomy":"product_cat","embeddable":true,"href":"https:\/\/www.astri.at\/shop\/wp-json\/wp\/v2\/product_cat?post=20290"},{"taxonomy":"product_tag","embeddable":true,"href":"https:\/\/www.astri.at\/shop\/wp-json\/wp\/v2\/product_tag?post=20290"}],"curies":[{"name":"wp","href":"https:\/\/api.w.org\/{rel}","templated":true}]}}