{"id":19902,"date":"2021-02-08T11:06:57","date_gmt":"2021-02-08T10:06:57","guid":{"rendered":"https:\/\/www.astri.at\/shop\/?post_type=product&#038;p=19902"},"modified":"2025-08-11T15:25:40","modified_gmt":"2025-08-11T13:25:40","slug":"rax_696_08","status":"publish","type":"product","link":"https:\/\/www.astri.at\/shop\/produkt\/rax_696_08\/","title":{"rendered":"RAX 696\/08 leichter Soft-Shell"},"content":{"rendered":"<p><strong>Qualit\u00e4t.: 696 (leichter Soft-Shell) 90% Nylon, 10% Spandex<\/strong><br \/>\nLeichter Soft-Shell mit Funktions-Ru\u0308ckseite. Bi-Elastisch und DWR Versiegelung<\/p>\n<p><a href=\"https:\/\/www.astri.at\/shop\/astri_media\/2020\/09\/Astri_Jagdkatalog_2018.pdf\" target=\"_blank\" rel=\"noopener noreferrer\"><strong>\u00bb\u00bb JAGDKATALOG DOWNLOAD<\/strong><\/a><\/p>\n","protected":false},"excerpt":{"rendered":"<p><strong>Robuste funktionelle Jagdhose fu\u0308r den t\u00e4glichen Einsatz.<\/strong><\/p>\n<p>\u25cf Verst\u00e4rkungen im Ges\u00e4\u00df- und Kniebereich<br \/>\n\u25cf Gummizug im Bund<br \/>\n\u25cf 3 x RV Taschen<br \/>\n\u25cf 2 x Seitentaschen + 1 x Messertasche<br \/>\n\u25cf wind-wasser-schmutzabweisend durch Nanoversiegelung<br \/>\n\u25cf Kordelzug im Beinabschluss<br \/>\n\u25cf gerader Beinverlauf<br \/>\n\u25cf sehr pflegeleicht<\/p>\n<p><a href=\"https:\/\/www.astri.at\/shop\/astri_media\/2021\/04\/astri_groessentabelle_hosen.jpg\" rel=\"prettyPhoto\">GR\u00d6SSENTABELLE<\/a><\/p>\n","protected":false},"featured_media":19838,"comment_status":"open","ping_status":"closed","template":"","meta":[],"product_brand":[],"product_cat":[51,108,50],"product_tag":[],"class_list":{"0":"post-19902","1":"product","2":"type-product","3":"status-publish","4":"has-post-thumbnail","6":"product_cat-herren-hosen-jagd","7":"product_cat-hosen-jagd","8":"product_cat-jagdbekleidung","10":"first","11":"outofstock","12":"taxable","13":"shipping-taxable","14":"purchasable","15":"product-type-variable"},"jetpack_sharing_enabled":true,"_links":{"self":[{"href":"https:\/\/www.astri.at\/shop\/wp-json\/wp\/v2\/product\/19902","targetHints":{"allow":["GET"]}}],"collection":[{"href":"https:\/\/www.astri.at\/shop\/wp-json\/wp\/v2\/product"}],"about":[{"href":"https:\/\/www.astri.at\/shop\/wp-json\/wp\/v2\/types\/product"}],"replies":[{"embeddable":true,"href":"https:\/\/www.astri.at\/shop\/wp-json\/wp\/v2\/comments?post=19902"}],"wp:featuredmedia":[{"embeddable":true,"href":"https:\/\/www.astri.at\/shop\/wp-json\/wp\/v2\/media\/19838"}],"wp:attachment":[{"href":"https:\/\/www.astri.at\/shop\/wp-json\/wp\/v2\/media?parent=19902"}],"wp:term":[{"taxonomy":"product_brand","embeddable":true,"href":"https:\/\/www.astri.at\/shop\/wp-json\/wp\/v2\/product_brand?post=19902"},{"taxonomy":"product_cat","embeddable":true,"href":"https:\/\/www.astri.at\/shop\/wp-json\/wp\/v2\/product_cat?post=19902"},{"taxonomy":"product_tag","embeddable":true,"href":"https:\/\/www.astri.at\/shop\/wp-json\/wp\/v2\/product_tag?post=19902"}],"curies":[{"name":"wp","href":"https:\/\/api.w.org\/{rel}","templated":true}]}}