{"id":19782,"date":"2021-04-14T09:43:59","date_gmt":"2021-04-14T07:43:59","guid":{"rendered":"https:\/\/www.astri.at\/shop\/?post_type=product&#038;p=19782"},"modified":"2026-03-11T14:55:41","modified_gmt":"2026-03-11T13:55:41","slug":"sika-696","status":"publish","type":"product","link":"https:\/\/www.astri.at\/shop\/produkt\/sika-696\/","title":{"rendered":"SIKA 696\/08 leichter Soft-Shell"},"content":{"rendered":"<p><strong>Qualit\u00e4t: 696 ( leichter Soft-Shell ) 90% Nylon, 10% Spandex<\/strong><br \/>\nLeichter Soft-Shell mit Funktions-R\u00fcckseite. Bi-Elastisch und DWR Versiegelung<\/p>\n<p><a href=\"https:\/\/www.astri.at\/shop\/astri_media\/2020\/09\/Astri_Jagdkatalog_2018.pdf\" target=\"_blank\" rel=\"noopener noreferrer\"><strong>\u00bb\u00bb JAGDKATALOG DOWNLOAD<\/strong><\/a><\/p>\n","protected":false},"excerpt":{"rendered":"<p><strong>Die technische Jagdhose aus leichtem Soft-Shell.<\/strong><\/p>\n<p>\u25cf Hochbund<br \/>\n\u25cf 3 x RV Taschen<br \/>\n\u25cf 1 x Seitentaschen + 1 x Messertasche<br \/>\n\u25cf wind-wasser-schmutzabweisend durch Silikonversiegelung<br \/>\n\u25cf innenliegende Gamasche<br \/>\n\u25cf Kantenschutz<br \/>\n\u25cf sehr pflegeleicht<br \/>\n\u25cf verschiedene Soft-Shell Materialien<br \/>\n\u25cf Ges\u00e4\u00df + Knieverst\u00e4rkungen<br \/>\n\u25cf Passform: schmal geschnitten<\/p>\n<p><a href=\"https:\/\/www.astri.at\/shop\/astri_media\/2021\/04\/astri_groessentabelle_hosen.jpg\" rel=\"prettyPhoto\">GR\u00d6SSENTABELLE<\/a><\/p>\n","protected":false},"featured_media":19783,"comment_status":"open","ping_status":"closed","template":"","meta":[],"product_brand":[],"product_cat":[51,50],"product_tag":[],"class_list":{"0":"post-19782","1":"product","2":"type-product","3":"status-publish","4":"has-post-thumbnail","6":"product_cat-herren-hosen-jagd","7":"product_cat-jagdbekleidung","9":"first","10":"outofstock","11":"taxable","12":"shipping-taxable","13":"purchasable","14":"product-type-variable"},"jetpack_sharing_enabled":true,"_links":{"self":[{"href":"https:\/\/www.astri.at\/shop\/wp-json\/wp\/v2\/product\/19782","targetHints":{"allow":["GET"]}}],"collection":[{"href":"https:\/\/www.astri.at\/shop\/wp-json\/wp\/v2\/product"}],"about":[{"href":"https:\/\/www.astri.at\/shop\/wp-json\/wp\/v2\/types\/product"}],"replies":[{"embeddable":true,"href":"https:\/\/www.astri.at\/shop\/wp-json\/wp\/v2\/comments?post=19782"}],"wp:featuredmedia":[{"embeddable":true,"href":"https:\/\/www.astri.at\/shop\/wp-json\/wp\/v2\/media\/19783"}],"wp:attachment":[{"href":"https:\/\/www.astri.at\/shop\/wp-json\/wp\/v2\/media?parent=19782"}],"wp:term":[{"taxonomy":"product_brand","embeddable":true,"href":"https:\/\/www.astri.at\/shop\/wp-json\/wp\/v2\/product_brand?post=19782"},{"taxonomy":"product_cat","embeddable":true,"href":"https:\/\/www.astri.at\/shop\/wp-json\/wp\/v2\/product_cat?post=19782"},{"taxonomy":"product_tag","embeddable":true,"href":"https:\/\/www.astri.at\/shop\/wp-json\/wp\/v2\/product_tag?post=19782"}],"curies":[{"name":"wp","href":"https:\/\/api.w.org\/{rel}","templated":true}]}}