{"id":20190,"date":"2021-02-18T08:13:32","date_gmt":"2021-02-18T07:13:32","guid":{"rendered":"https:\/\/www.astri.at\/shop\/?page_id=20190"},"modified":"2021-02-18T08:13:32","modified_gmt":"2021-02-18T07:13:32","slug":"qualitaeten","status":"publish","type":"page","link":"https:\/\/www.astri.at\/shop\/qualitaeten\/","title":{"rendered":"Qualit\u00e4ten"},"content":{"rendered":"<p><div class=\"fusion-fullwidth fullwidth-box fusion-builder-row-1 fusion-flex-container nonhundred-percent-fullwidth non-hundred-percent-height-scrolling\" style=\"--awb-border-radius-top-left:0px;--awb-border-radius-top-right:0px;--awb-border-radius-bottom-right:0px;--awb-border-radius-bottom-left:0px;--awb-flex-wrap:wrap;\" ><div class=\"fusion-builder-row fusion-row fusion-flex-align-items-flex-start fusion-flex-content-wrap\" style=\"max-width:1216.8px;margin-left: calc(-4% \/ 2 );margin-right: calc(-4% \/ 2 );\"><div class=\"fusion-layout-column fusion_builder_column fusion-builder-column-0 fusion_builder_column_1_1 1_1 fusion-flex-column\" style=\"--awb-bg-size:cover;--awb-width-large:100%;--awb-margin-top-large:15px;--awb-spacing-right-large:1.92%;--awb-margin-bottom-large:15px;--awb-spacing-left-large:1.92%;--awb-width-medium:100%;--awb-order-medium:0;--awb-spacing-right-medium:1.92%;--awb-spacing-left-medium:1.92%;--awb-width-small:100%;--awb-order-small:0;--awb-spacing-right-small:1.92%;--awb-spacing-left-small:1.92%;\"><div class=\"fusion-column-wrapper fusion-column-has-shadow fusion-flex-justify-content-flex-start fusion-content-layout-column\"><div class=\"fusion-section-separator section-separator triangle fusion-section-separator-1\" style=\"--awb-border:1px solid #eaeaea;--awb-spacer-height:calc( 1px * 2 );--awb-svg-margin-left:1.92%;--awb-svg-margin-right:1.92%;--awb-svg-margin-left-medium:1.92%;--awb-svg-margin-right-medium:1.92%;--awb-svg-margin-left-small:1.92%;--awb-svg-margin-right-small:1.92%;--awb-icon-color:#eaeaea;\"><div class=\"fusion-section-separator-svg\"><div class=\"section-separator-icon icon fa-temperature-low fas\" aria-hidden=\"true\"><\/div><div class=\"divider-candy both\" style=\"background-color:#d0101c;border:1px solid #eaeaea;\"><\/div><\/div><div class=\"fusion-section-separator-spacer\"><div class=\"fusion-section-separator-spacer-height\"><\/div><\/div><\/div><\/div><\/div><\/div><\/div><div class=\"fusion-fullwidth fullwidth-box fusion-builder-row-2 fusion-flex-container nonhundred-percent-fullwidth non-hundred-percent-height-scrolling\" style=\"--awb-border-radius-top-left:0px;--awb-border-radius-top-right:0px;--awb-border-radius-bottom-right:0px;--awb-border-radius-bottom-left:0px;--awb-flex-wrap:wrap;\" ><div class=\"fusion-builder-row fusion-row fusion-flex-align-items-flex-start fusion-flex-content-wrap\" style=\"max-width:1216.8px;margin-left: calc(-4% \/ 2 );margin-right: calc(-4% \/ 2 );\"><div class=\"fusion-layout-column fusion_builder_column fusion-builder-column-1 fusion_builder_column_1_1 1_1 fusion-flex-column\" style=\"--awb-padding-top:32px;--awb-padding-bottom:38px;--awb-bg-size:cover;--awb-width-large:100%;--awb-margin-top-large:31px;--awb-spacing-right-large:1.92%;--awb-margin-bottom-large:15px;--awb-spacing-left-large:1.92%;--awb-width-medium:100%;--awb-order-medium:0;--awb-spacing-right-medium:1.92%;--awb-spacing-left-medium:1.92%;--awb-width-small:100%;--awb-order-small:0;--awb-spacing-right-small:1.92%;--awb-spacing-left-small:1.92%;\"><div class=\"fusion-column-wrapper fusion-column-has-shadow fusion-flex-justify-content-flex-start fusion-content-layout-column\"><div class=\"fusion-title title fusion-title-1 fusion-title-center fusion-title-text fusion-title-size-two\" style=\"--awb-margin-bottom:10px;--awb-margin-top-small:0px;--awb-margin-right-small:0px;--awb-margin-bottom-small:20px;--awb-margin-left-small:0px;\"><div class=\"title-sep-container title-sep-container-left\"><div class=\"title-sep sep-single sep-solid\" style=\"border-color:#e0dede;\"><\/div><\/div><span class=\"awb-title-spacer\"><\/span><h2 class=\"fusion-title-heading title-heading-center fusion-responsive-typography-calculated\" style=\"margin:0;--fontSize:38;line-height:1.26;\"><p><span style=\"color: #d0101c;\">Jagd Qualit\u00e4ten<br \/>\n<\/span><\/p><\/h2><span class=\"awb-title-spacer\"><\/span><div class=\"title-sep-container title-sep-container-right\"><div class=\"title-sep sep-single sep-solid\" style=\"border-color:#e0dede;\"><\/div><\/div><\/div><\/div><\/div><\/div><\/div><div class=\"fusion-fullwidth fullwidth-box fusion-builder-row-3 fusion-flex-container nonhundred-percent-fullwidth non-hundred-percent-height-scrolling\" style=\"--awb-border-radius-top-left:0px;--awb-border-radius-top-right:0px;--awb-border-radius-bottom-right:0px;--awb-border-radius-bottom-left:0px;--awb-flex-wrap:wrap;\" ><div class=\"fusion-builder-row fusion-row fusion-flex-align-items-flex-start fusion-flex-content-wrap\" style=\"max-width:1216.8px;margin-left: calc(-4% \/ 2 );margin-right: calc(-4% \/ 2 );\"><div class=\"fusion-layout-column fusion_builder_column fusion-builder-column-2 fusion_builder_column_1_1 1_1 fusion-flex-column\" style=\"--awb-bg-size:cover;--awb-width-large:100%;--awb-margin-top-large:15px;--awb-spacing-right-large:1.92%;--awb-margin-bottom-large:15px;--awb-spacing-left-large:1.92%;--awb-width-medium:100%;--awb-order-medium:0;--awb-spacing-right-medium:1.92%;--awb-spacing-left-medium:1.92%;--awb-width-small:100%;--awb-order-small:0;--awb-spacing-right-small:1.92%;--awb-spacing-left-small:1.92%;\"><div class=\"fusion-column-wrapper fusion-column-has-shadow fusion-flex-justify-content-flex-start fusion-content-layout-column\"><div class=\"fusion-text fusion-text-1\"><p><b><span style=\"color: #d0101c;\">Qual.: <\/span>520 + 720 (Tuchloden mit Teflonveredelung) 80 % Schurwolle, 20% Polyamid<\/b><br \/>\nDadurch verbesserte Wind- Wasser- Schmutzabweisung. Strapazierf\u00e4hig.720 = Thermo<\/p>\n<p><b><span style=\"color: #d0101c;\">Qual.:<\/span> 607 + 767 (Schoeller NANO Sphere Stretch \u2013 Qualit\u00e4t Prestige) 49% PA, 48% BW, 3% EL<\/b><br \/>\n\u00c4u\u00dferst funktionell, da Wind- Wasser- Schmutzabweisende Eigenschaften.<br \/>\nPflegeleicht da waschmaschinenfest. Sehr Strapazierf\u00e4hig, bequem in der<br \/>\nTrageeigenschaft da elastisch. <b>767 = mit Thermore Fu\u0308tterung<\/b><\/p>\n<p><b><span style=\"color: #d0101c;\">Qual.:<\/span> 616 (Schoeller dryskin\u00ae Soft \u2013 Shell) 80% Polyamid, 13% Polyester 7% Elasthan<\/b><br \/>\nSeit vielen Jahren bestens bew\u00e4hrte Qualit\u00e4t. \u00c4u\u00dferst strapazierf\u00e4hig, angenehmste Trage-eigenschaften durch Funktionsinnenseite am K\u00f6rper, elastisch und bequem. Wind-, wasser-, schmutzabweisend.<br \/>\nWaschmaschinenfest und pflegeleicht. Atmungsaktiv, schnelltrocknend und federleicht. NANO VERSIEGELT<\/p>\n<p><b><span style=\"color: #d0101c;\">Qual.:<\/span> 796 (leichter Softshell mit Thermorefu\u0308tterung) 80% Polyamid, 13%Polyester, 7% Elasthan<\/b><br \/>\nBestens bew\u00e4hrte Qualit\u00e4t. \u00c4u\u00dferst strapazierf\u00e4hig, angenehmster w\u00e4rmender Tragekomfort durch<br \/>\nWattierung zum K\u00f6rper, elastisch und bequem. Wind-, wasser-, schmutzabweisend.<br \/>\nWaschmaschinenfest und pflegeleicht. Atmungsaktiv, schnelltrocknend und federleicht.<\/p>\n<p><b><span style=\"color: #d0101c;\">Qual.:<\/span> 170 (Walkstoff) 90% Wolle, 10% Polyester<\/b><br \/>\nNatu\u0308rlicher Walkstoff. Fu\u0308r ku\u0308hlere Jagdperioden.<br \/>\nIdeale Eigenschaften wie; weicher Griff, hohe Isolationswerte, atmungsaktiv, hohe Feuchtigkeitsaufnahme und schnelle Schwei\u00dfableitung vom K\u00f6rper. Dadurch keine Verdunstungsk\u00e4lte und somit kein Energieverlust.<br \/>\nWalkstoffe sind au\u00dferdem antibakteriell und antistatisch.<\/p>\n<p><b><span style=\"color: #d0101c;\">Qual.:<\/span> 130 (Windblocker Fleece) 80% Polyamid, 14% Polyuretan, 6% Elasthan<\/b><br \/>\nFunktionelles Microfaser Fleece mit eingearbeiteter Wind \u2013 Blocker Membrane.<br \/>\nHoher Tragekomfort, \u00e4u\u00dferst pflegeleicht, da waschmaschinenfest. Extrem ger\u00e4uscharm.<\/p>\n<p><b><span style=\"color: #d0101c;\">Qual.:<\/span> 150 (Micro-Fleece) 100% Polyester<\/b><br \/>\nAngenehme Trageeigenschaften, pflegeleicht und waschmaschinentauglich.<br \/>\nHochelastisch. Hohe Isolationswerte.<\/p>\n<p><b><span style=\"color: #d0101c;\">Qual.:<\/span> 152 (Micro-Square Fleece) 100% Polyester<\/b><br \/>\nAngenehme Trageeigenschaften, pflegeleicht und waschmaschinentauglich.<br \/>\nWaffel-Ru\u0308ckseite. Hochelastisch. Hohe Isolationswerte<\/p>\n<p><b><span style=\"color: #d0101c;\">Qual.:<\/span> 888 +788 ( Stretch \u2013 LODEN mit Walliseroptik )<\/b><br \/>\n69 % Schurwolle, 25 % Polyamid, 5% Alpaka, 1% Elasthan<br \/>\nAngenehme Trageeigenschaften, da elastisch, wind-, wasser-, schmutzabweisend durch zus\u00e4tzliche<br \/>\nSilikonbeschichtung. <b>788 = mit Thermore Fu\u0308tterung.<\/b><\/p>\n<p><b><span style=\"color: #d0101c;\">Qual.:<\/span> 696 +796 ( leichter Soft-Shell ) 90% Nylon, 10% Spandex<\/b><br \/>\nLeichter Soft-Shell mit Funktions-Ru\u0308ckseite. Bi-Elastisch und DWR Versiegelung<br \/>\n<b>796 = mit Thermore Fu\u0308tterung<\/b><\/p>\n<p><b><span style=\"color: #d0101c;\">Qual.:<\/span> 830 ( Eschler Trevira\u00ae Fleece ) 100% Polyester + Bio activ \u2013 anti Bakteriell<\/b><br \/>\n\u00c4u\u00dferst angenehme sowie klimakontrollierende Trageeigenschaften, weicher Griff,<br \/>\nkein unangenehmer K\u00f6rpergeruch, da mit bio activer antibakterieller Wirkung.<\/p>\n<p><b><span style=\"color: #d0101c;\">Qual.:<\/span> 115 ( Woll-Soft-Shell ) 75% Wolle, 25% Polyester<\/b><br \/>\nNeues 3lagen Woll-Soft-Shell mit Membrane.. Au\u00dfen Wolle&#8230; InnenFleece&#8230;<br \/>\nWaschmaschinenfest und Pflegeleicht. Wasserabsto\u00dfend.<\/p>\n<p><b><span style=\"color: #d0101c;\">Qual:<\/span> 124 Strickfleece 85% Polyamid, 15% Lycra<\/b><br \/>\nStrickfleece in melange Optik \u2013 pflegeleicht<\/p>\n<\/div><\/div><\/div><\/div><\/div><\/p>\n","protected":false},"excerpt":{"rendered":"","protected":false},"author":2,"featured_media":0,"parent":0,"menu_order":0,"comment_status":"closed","ping_status":"closed","template":"","meta":{"footnotes":""},"class_list":["post-20190","page","type-page","status-publish","hentry"],"jetpack_sharing_enabled":true,"_links":{"self":[{"href":"https:\/\/www.astri.at\/shop\/wp-json\/wp\/v2\/pages\/20190","targetHints":{"allow":["GET"]}}],"collection":[{"href":"https:\/\/www.astri.at\/shop\/wp-json\/wp\/v2\/pages"}],"about":[{"href":"https:\/\/www.astri.at\/shop\/wp-json\/wp\/v2\/types\/page"}],"author":[{"embeddable":true,"href":"https:\/\/www.astri.at\/shop\/wp-json\/wp\/v2\/users\/2"}],"replies":[{"embeddable":true,"href":"https:\/\/www.astri.at\/shop\/wp-json\/wp\/v2\/comments?post=20190"}],"version-history":[{"count":0,"href":"https:\/\/www.astri.at\/shop\/wp-json\/wp\/v2\/pages\/20190\/revisions"}],"wp:attachment":[{"href":"https:\/\/www.astri.at\/shop\/wp-json\/wp\/v2\/media?parent=20190"}],"curies":[{"name":"wp","href":"https:\/\/api.w.org\/{rel}","templated":true}]}}