{"id":19976,"date":"2021-02-09T15:36:38","date_gmt":"2021-02-09T14:36:38","guid":{"rendered":"https:\/\/www.astri.at\/shop\/impressum\/"},"modified":"2025-11-05T16:53:44","modified_gmt":"2025-11-05T15:53:44","slug":"impressum","status":"publish","type":"page","link":"https:\/\/www.astri.at\/shop\/impressum\/","title":{"rendered":"Impressum"},"content":{"rendered":"<p><div class=\"fusion-fullwidth fullwidth-box fusion-builder-row-1 fusion-flex-container nonhundred-percent-fullwidth non-hundred-percent-height-scrolling\" style=\"--awb-border-radius-top-left:0px;--awb-border-radius-top-right:0px;--awb-border-radius-bottom-right:0px;--awb-border-radius-bottom-left:0px;--awb-flex-wrap:wrap;\" ><div class=\"fusion-builder-row fusion-row fusion-flex-align-items-flex-start fusion-flex-content-wrap\" style=\"max-width:1216.8px;margin-left: calc(-4% \/ 2 );margin-right: calc(-4% \/ 2 );\"><div class=\"fusion-layout-column fusion_builder_column fusion-builder-column-0 fusion_builder_column_1_1 1_1 fusion-flex-column\" style=\"--awb-padding-bottom:50px;--awb-bg-size:cover;--awb-width-large:100%;--awb-margin-top-large:15px;--awb-spacing-right-large:1.92%;--awb-margin-bottom-large:31px;--awb-spacing-left-large:2.112%;--awb-width-medium:100%;--awb-order-medium:0;--awb-spacing-right-medium:1.92%;--awb-spacing-left-medium:1.92%;--awb-width-small:100%;--awb-order-small:0;--awb-spacing-right-small:1.92%;--awb-spacing-left-small:1.92%;\"><div class=\"fusion-column-wrapper fusion-column-has-shadow fusion-flex-justify-content-flex-start fusion-content-layout-column\"><div class=\"fusion-section-separator section-separator triangle fusion-section-separator-1\" style=\"--awb-border:1px solid #eaeaea;--awb-spacer-height:calc( 1px * 2 );--awb-svg-margin-left:2.112%;--awb-svg-margin-right:1.92%;--awb-svg-margin-left-medium:1.92%;--awb-svg-margin-right-medium:1.92%;--awb-svg-margin-left-small:1.92%;--awb-svg-margin-right-small:1.92%;--awb-icon-color:#eaeaea;--awb-margin-bottom:40px;\"><div class=\"fusion-section-separator-svg\"><div class=\"section-separator-icon icon fa-gavel fas\" aria-hidden=\"true\"><\/div><div class=\"divider-candy both\" style=\"background-color:#d0101c;border:1px solid #eaeaea;\"><\/div><\/div><div class=\"fusion-section-separator-spacer\"><div class=\"fusion-section-separator-spacer-height\"><\/div><\/div><\/div><div class=\"fusion-title title fusion-title-1 fusion-title-center fusion-title-text fusion-title-size-two\" style=\"--awb-margin-bottom:10px;--awb-margin-top-small:0px;--awb-margin-right-small:0px;--awb-margin-bottom-small:20px;--awb-margin-left-small:0px;\"><div class=\"title-sep-container title-sep-container-left\"><div class=\"title-sep sep-single sep-solid\" style=\"border-color:#e0dede;\"><\/div><\/div><span class=\"awb-title-spacer\"><\/span><h2 class=\"fusion-title-heading title-heading-center fusion-responsive-typography-calculated\" style=\"margin:0;--fontSize:38;line-height:1.26;\"><span style=\"color: #d0101c;\">Impressum<\/span><\/h2><span class=\"awb-title-spacer\"><\/span><div class=\"title-sep-container title-sep-container-right\"><div class=\"title-sep sep-single sep-solid\" style=\"border-color:#e0dede;\"><\/div><\/div><\/div><\/div><\/div><\/div><\/div><div class=\"fusion-fullwidth fullwidth-box fusion-builder-row-2 fusion-flex-container nonhundred-percent-fullwidth non-hundred-percent-height-scrolling\" style=\"--awb-border-radius-top-left:0px;--awb-border-radius-top-right:0px;--awb-border-radius-bottom-right:0px;--awb-border-radius-bottom-left:0px;--awb-flex-wrap:wrap;\" ><div class=\"fusion-builder-row fusion-row fusion-flex-align-items-flex-start fusion-flex-content-wrap\" style=\"max-width:1216.8px;margin-left: calc(-4% \/ 2 );margin-right: calc(-4% \/ 2 );\"><div class=\"fusion-layout-column fusion_builder_column fusion-builder-column-1 fusion_builder_column_1_2 1_2 fusion-flex-column\" style=\"--awb-bg-size:cover;--awb-width-large:50%;--awb-margin-top-large:15px;--awb-spacing-right-large:3.84%;--awb-margin-bottom-large:15px;--awb-spacing-left-large:3.84%;--awb-width-medium:100%;--awb-order-medium:0;--awb-spacing-right-medium:1.92%;--awb-spacing-left-medium:1.92%;--awb-width-small:100%;--awb-order-small:0;--awb-spacing-right-small:1.92%;--awb-spacing-left-small:1.92%;\"><div class=\"fusion-column-wrapper fusion-column-has-shadow fusion-flex-justify-content-flex-start fusion-content-layout-column\"><div class=\"fusion-text fusion-text-1\"><p><b>Astri Hosen Gesellschaft m.b.H. <\/b><br \/>Industriestra\u00dfe 5,<br \/>6430 \u00d6tztal-Bahnhof,<br \/>\u00d6sterreich<\/p>\n<p><strong>UID-Nummer:<\/strong> ATU32786704<br \/><strong>Firmenbuchnummer:<\/strong> 44748g<br \/><strong>Firmenbuchgericht:<\/strong> Innsbruck<br \/><strong>Firmensitz:<\/strong> A-6430 \u00d6tztal-Bahnhof<\/p>\n<p><strong>Tel.:<\/strong> <a href=\"tel:+43526688260\">+43 5266 88 260<\/a><br \/><strong>E-Mail:<\/strong> <a href=\"mailto:service@astri.at\">service@astri.at<\/a><\/p>\n<p>Mitglied bei der WKO, Fv Textil-, Bekleidungs-, Schuh- und Lederindustrie<br \/><strong>Berufsrecht:<\/strong> Gewerbeordnung: www.ris.bka.gv.at<\/p>\n<p><strong>Aufsichtsbeh\u00f6rde\/Gewerbebeh\u00f6rde:<\/strong> Bezirkshauptmannschaft Imst<\/p>\n<p><strong>Gesch\u00e4ftsf\u00fchrer<\/strong><br \/>Herr Clemens Strigl<\/p>\n<div>Verbraucher haben die M\u00f6glichkeit, Beschwerden an die Online Streit beilegungsplattform der EU zu richten: http:\/\/ec.europa.eu\/odr<\/div>\n<div>Sie k\u00f6nnen allf\u00e4llige Beschwerde auch an die oben angegebene E-Mail-Adresse richten.<\/div>\n<p><a href=\"https:\/\/firmen.wko.at\/Web\/DetailsInfos.aspx?FirmaID=26fb25ba-db40-41d8-9cb5-c3378a447c87\" target=\"_blank\" rel=\"noopener\"><img decoding=\"async\" class=\"lazyload wp-image-4588 alignnone\" src=\"data:image\/svg+xml,%3Csvg%20xmlns%3D%27http%3A%2F%2Fwww.w3.org%2F2000%2Fsvg%27%20width%3D%27200%27%20height%3D%2778%27%20viewBox%3D%270%200%20200%2078%27%3E%3Crect%20width%3D%27200%27%20height%3D%2778%27%20fill-opacity%3D%220%22%2F%3E%3C%2Fsvg%3E\" data-orig-src=\"http:\/\/www.astri.at\/astri\/wp-content\/uploads\/2014\/08\/wko.png\" alt=\"wko\" width=\"200\" height=\"78\" title=\"\"><\/a><\/p>\n<p style=\"font-weight: inherit; color: #131313;\"><a href=\"https:\/\/firmen.wko.at\/Web\/DetailsKontakt.aspx?FirmaID=26fb25ba-db40-41d8-9cb5-c3378a447c87&amp;StandortID=0&amp;Suchbegriff=astri&amp;Page=1\" target=\"_blank\" rel=\"noopener\"><strong>\u00bb\u00bb zur WKO Astri Seite<\/strong> <\/a><\/p>\n<hr>\n<p style=\"font-weight: inherit; color: #131313;\">Website Umsetzung \/ Design:<\/p>\n<p><a href=\"https:\/\/www.agentur13.at\" target=\"_blank\" rel=\"noopener\"><img decoding=\"async\" class=\"lazyload alignnone wp-image-20635\" src=\"https:\/\/www.astri.at\/shop\/astri_media\/2021\/05\/logo_agentur13_tirol_signatur.png\" data-orig-src=\"https:\/\/www.astri.at\/shop\/astri_media\/2021\/05\/logo_agentur13_tirol_signatur.png\" alt=\"\" width=\"250\" height=\"53\" title=\"\" srcset=\"data:image\/svg+xml,%3Csvg%20xmlns%3D%27http%3A%2F%2Fwww.w3.org%2F2000%2Fsvg%27%20width%3D%27250%27%20height%3D%2753%27%20viewBox%3D%270%200%20250%2053%27%3E%3Crect%20width%3D%27250%27%20height%3D%2753%27%20fill-opacity%3D%220%22%2F%3E%3C%2Fsvg%3E\" data-srcset=\"https:\/\/www.astri.at\/shop\/astri_media\/2021\/05\/logo_agentur13_tirol_signatur-200x42.png 200w, https:\/\/www.astri.at\/shop\/astri_media\/2021\/05\/logo_agentur13_tirol_signatur-300x64.png 300w, https:\/\/www.astri.at\/shop\/astri_media\/2021\/05\/logo_agentur13_tirol_signatur-400x85.png 400w, https:\/\/www.astri.at\/shop\/astri_media\/2021\/05\/logo_agentur13_tirol_signatur-500x106.png 500w, https:\/\/www.astri.at\/shop\/astri_media\/2021\/05\/logo_agentur13_tirol_signatur-600x127.png 600w, https:\/\/www.astri.at\/shop\/astri_media\/2021\/05\/logo_agentur13_tirol_signatur-700x148.png 700w, https:\/\/www.astri.at\/shop\/astri_media\/2021\/05\/logo_agentur13_tirol_signatur.png 760w\" data-sizes=\"auto\" data-orig-sizes=\"(max-width: 250px) 100vw, 250px\" \/><\/a><\/p>\n<p style=\"color: #5b5b5b;\"><a title=\"Werbeagentur Tirol\" href=\"http:\/\/www.agentur13.at\" target=\"_blank\" rel=\"noopener\">agentur 13 | Werbeagentur Tirol<\/a><\/p>\n<hr>\n<h5 style=\"font-weight: inherit; color: rgb(19, 19, 19); --fontSize: 14; line-height: 1.71; --minFontSize: 14;\" data-fontsize=\"14\" data-lineheight=\"23.940000534057617px\" class=\"fusion-responsive-typography-calculated\">Quellenangaben f\u00fcr die verwendeten Bilder und Grafiken:<\/h5>\n<p style=\"color: #5b5b5b;\"><span style=\"color: #333333;\"><a style=\"font-weight: bold; font-style: inherit; color: #d48b2e;\" title=\"Werbeagentur\" href=\"http:\/\/www.agentur13.at\/\" target=\"_blank\" rel=\"noopener\"><span style=\"color: #333333;\">www.agentur13.at<\/span><\/a><\/span><\/p>\n<p><strong>stock.adobe.com<\/strong><\/p>\n<\/div><\/div><\/div><div class=\"fusion-layout-column fusion_builder_column fusion-builder-column-2 fusion_builder_column_1_2 1_2 fusion-flex-column\" style=\"--awb-bg-size:cover;--awb-width-large:50%;--awb-margin-top-large:15px;--awb-spacing-right-large:3.84%;--awb-margin-bottom-large:15px;--awb-spacing-left-large:3.84%;--awb-width-medium:100%;--awb-order-medium:0;--awb-spacing-right-medium:1.92%;--awb-spacing-left-medium:1.92%;--awb-width-small:100%;--awb-order-small:0;--awb-spacing-right-small:1.92%;--awb-spacing-left-small:1.92%;\"><div class=\"fusion-column-wrapper fusion-column-has-shadow fusion-flex-justify-content-flex-start fusion-content-layout-column\"><div class=\"fusion-text fusion-text-2\"><h4 style=\"font-weight: inherit; color: #131313;\">Haftungsausschluss (Disclaimer)<\/h4>\n<p style=\"color: #5b5b5b;\"><strong style=\"font-style: inherit;\">Haftung f\u00fcr Inhalte<\/strong><\/p>\n<p style=\"color: #5b5b5b;\">Als Diensteanbieter sind wir gem\u00e4\u00df \u00a7 7 Abs.1 TMG f\u00fcr eigene Inhalte auf diesen Seiten nach den allgemeinen Gesetzen verantwortlich. Nach \u00a7\u00a7 8 bis 10 TMG sind wir als Diensteanbieter jedoch nicht verpflichtet, \u00fcbermittelte oder gespeicherte fremde Informationen zu \u00fcberwachen oder nach Umst\u00e4nden zu forschen, die auf eine rechtswidrige T\u00e4tigkeit hinweisen. Verpflichtungen zur Entfernung oder Sperrung der Nutzung von Informationen nach den allgemeinen Gesetzen bleiben hiervon unber\u00fchrt. Eine diesbez\u00fcgliche Haftung ist jedoch erst ab dem Zeitpunkt der Kenntnis einer konkreten Rechtsverletzung m\u00f6glich. Bei Bekanntwerden von entsprechenden Rechtsverletzungen werden wir diese Inhalte umgehend entfernen.<\/p>\n<p style=\"color: #5b5b5b;\"><strong style=\"font-style: inherit;\">Haftung f\u00fcr Links<\/strong><\/p>\n<p style=\"color: #5b5b5b;\">Unser Angebot enth\u00e4lt Links zu externen Webseiten Dritter, auf deren Inhalte wir keinen Einfluss haben. Deshalb k\u00f6nnen wir f\u00fcr diese fremden Inhalte auch keine Gew\u00e4hr \u00fcbernehmen. F\u00fcr die Inhalte der verlinkten Seiten ist stets der jeweilige Anbieter oder Betreiber der Seiten verantwortlich. Die verlinkten Seiten wurden zum Zeitpunkt der Verlinkung auf m\u00f6gliche Rechtsverst\u00f6\u00dfe \u00fcberpr\u00fcft. Rechtswidrige Inhalte waren zum Zeitpunkt der Verlinkung nicht erkennbar. Eine permanente inhaltliche Kontrolle der verlinkten Seiten ist jedoch ohne konkrete Anhaltspunkte einer Rechtsverletzung nicht zumutbar. Bei Bekanntwerden von Rechtsverletzungen werden wir derartige Links umgehend entfernen.<\/p>\n<p style=\"color: #5b5b5b;\"><strong style=\"font-style: inherit;\">Urheberrecht<\/strong><\/p>\n<p style=\"color: #5b5b5b;\">Die durch die Seitenbetreiber erstellten Inhalte und Werke auf diesen Seiten unterliegen dem deutschen Urheberrecht. Die Vervielf\u00e4ltigung, Bearbeitung, Verbreitung und jede Art der Verwertung au\u00dferhalb der Grenzen des Urheberrechtes bed\u00fcrfen der schriftlichen Zustimmung des jeweiligen Autors bzw. Erstellers. Downloads und Kopien dieser Seite sind nur f\u00fcr den privaten, nicht kommerziellen Gebrauch gestattet. Soweit die Inhalte auf dieser Seite nicht vom Betreiber erstellt wurden, werden die Urheberrechte Dritter beachtet. Insbesondere werden Inhalte Dritter als solche gekennzeichnet. Sollten Sie trotzdem auf eine Urheberrechtsverletzung aufmerksam werden, bitten wir um einen entsprechenden Hinweis. Bei Bekanntwerden von Rechtsverletzungen werden wir derartige Inhalte umgehend entfernen.<\/p>\n<\/div><\/div><\/div><\/div><\/div><\/p>\n","protected":false},"excerpt":{"rendered":"","protected":false},"author":2,"featured_media":0,"parent":0,"menu_order":0,"comment_status":"closed","ping_status":"closed","template":"","meta":{"footnotes":""},"class_list":["post-19976","page","type-page","status-publish","hentry"],"jetpack_sharing_enabled":true,"_links":{"self":[{"href":"https:\/\/www.astri.at\/shop\/wp-json\/wp\/v2\/pages\/19976","targetHints":{"allow":["GET"]}}],"collection":[{"href":"https:\/\/www.astri.at\/shop\/wp-json\/wp\/v2\/pages"}],"about":[{"href":"https:\/\/www.astri.at\/shop\/wp-json\/wp\/v2\/types\/page"}],"author":[{"embeddable":true,"href":"https:\/\/www.astri.at\/shop\/wp-json\/wp\/v2\/users\/2"}],"replies":[{"embeddable":true,"href":"https:\/\/www.astri.at\/shop\/wp-json\/wp\/v2\/comments?post=19976"}],"version-history":[{"count":1,"href":"https:\/\/www.astri.at\/shop\/wp-json\/wp\/v2\/pages\/19976\/revisions"}],"predecessor-version":[{"id":21557,"href":"https:\/\/www.astri.at\/shop\/wp-json\/wp\/v2\/pages\/19976\/revisions\/21557"}],"wp:attachment":[{"href":"https:\/\/www.astri.at\/shop\/wp-json\/wp\/v2\/media?parent=19976"}],"curies":[{"name":"wp","href":"https:\/\/api.w.org\/{rel}","templated":true}]}}