{"id":4908,"date":"2018-06-05T14:08:52","date_gmt":"2018-06-05T12:08:52","guid":{"rendered":"https:\/\/www.astri.at\/astri\/?page_id=4908"},"modified":"2021-04-30T09:12:16","modified_gmt":"2021-04-30T07:12:16","slug":"datenschutz-kunden","status":"publish","type":"page","link":"https:\/\/www.astri.at\/astri\/datenschutz-kunden\/","title":{"rendered":"Datenschutz Kunden"},"content":{"rendered":"<section class=\"l-section wpb_row height_small color_alternate with_img\"><div class=\"l-section-img\" style=\"background-image: url(https:\/\/www.astri.at\/astri\/a13_media\/2014\/08\/background_light.png);background-position: ;background-repeat: ;\" data-img-width=\"400\" data-img-height=\"400\"><\/div><div class=\"l-section-h i-cf\"><div class=\"g-cols vc_row via_flex valign_middle type_default stacking_default\"><div class=\"vc_col-sm-12 wpb_column vc_column_container\"><div class=\"vc_column-inner\"><div class=\"wpb_wrapper\"><h1 class=\"w-post-elm post_title us_custom_607cd7e8 entry-title color_link_inherit\">Datenschutz Kunden<\/h1><\/div><\/div><\/div><\/div><\/div><\/section><section class=\"l-section wpb_row height_medium color_alternate with_img parallax_hor bgwidth_130\"><div class=\"l-section-img\" style=\"background-image: url(https:\/\/www.astri.at\/astri\/a13_media\/2014\/08\/jagd3.jpg);\" data-img-width=\"2920\" data-img-height=\"1082\"><\/div><div class=\"l-section-h i-cf\"><div class=\"g-cols vc_row via_flex valign_top type_default stacking_default\"><div class=\"vc_col-sm-12 wpb_column vc_column_container\"><div class=\"vc_column-inner\"><div class=\"wpb_wrapper\"><div class=\"wpb_text_column\"><div class=\"wpb_wrapper\"><p>&nbsp;<\/p>\n<p>&nbsp;<\/p>\n<p>&nbsp;<\/p>\n<p>&nbsp;<\/p>\n<\/div><\/div><\/div><\/div><\/div><\/div><\/div><\/section><section class=\"l-section wpb_row height_medium\"><div class=\"l-section-h i-cf\"><div class=\"g-cols vc_row via_flex valign_top type_default stacking_default\"><div class=\"vc_col-sm-12 wpb_column vc_column_container\"><div class=\"vc_column-inner\"><div class=\"wpb_wrapper\"><div class=\"g-cols wpb_row via_flex valign_top type_default stacking_default\"><div class=\"vc_col-sm-6 wpb_column vc_column_container\"><div class=\"vc_column-inner\"><div class=\"wpb_wrapper\"><div class=\"wpb_text_column\"><div class=\"wpb_wrapper\"><a href=\"https:\/\/www.astri.at\/astri\/a13_apps\/download-attachments\/includes\/download.php?id=4907\" title=\"\u00bb\u00bb PDF DOWNLOAD - Datenschutz Kunden\" class=\"da-download-link da-download-attachment-4907\">\u00bb\u00bb PDF DOWNLOAD - Datenschutz Kunden<\/a>\n<\/div><\/div><div class=\"w-separator size_custom\" style=\"height:32px\"><\/div><div class=\"wpb_text_column\"><div class=\"wpb_wrapper\"><p><strong>Information zu Ihren gespeicherten Daten laut<\/strong><br \/>\n<strong>EU-Datenschutz Grundverordnung (DSGVO)<\/strong><\/p>\n<p>Sehr geehrter Gesch\u00e4ftspartner,<br \/>\ndurch unsere Gesch\u00e4ftsbeziehung, wie z.B. das Versenden einer Mail, Briefes, oder sonstiger Korrespondenz, geben Sie uns m\u00f6glicherweise personenbezogene Daten bekannt (zum Beispiel Ihren Kontaktnamen, Telefonnummer, oder E-Mail Adresse).<\/p>\n<p>Weiters kann es sein, dass im Zuge der Zusammenarbeit personenbezogene Daten Dritter an Sie weiter geleitet werden.<\/p>\n<p>Wir informieren Sie laut EU-Datenschutz-Grundverordnung (DSGVO), dass die Astri-Hosen GmbH personen bezogene Daten zum Zweck der Abwicklung von Gesch\u00e4ften und nach Ma\u00dfgabe der Bestimmungen der EU Datenschutzgrundverordnung (DSGVO), sowie dem nationalen Datenschutzgesetz (Datenschutzanpassungsgesetz 2018, DSG) verarbeitet und speichert.<\/p>\n<p>Die Astri-Hosen GMBH weist ausdr\u00fccklich darauf hin, dass diese Informationen zur Abwicklung des Gesch\u00e4ftes notwendig sind und wir die Daten an Dritte weitergeben.<\/p>\n<p><strong>Weitergabe von Daten:<\/strong><br \/>\nDie Astri-Hosen GmbH weist darauf hin, dass personenbezogene Daten ausschlie\u00dflich im Zuge von vertraglichen oder gesetzlichen Verpflichtungen zum Zweck der Gesch\u00e4ftst\u00e4tigkeit im unbedingt notwendigen Ausma\u00df weiterleitet.<\/p>\n<p>Dies kann Partnerfirmen in der Produktion betreffen, sowie diverse Logistikpartner und alle f\u00fcr die Abwicklung des Gesch\u00e4ftes sowie der Wahrnehmung unternehmerischer Verfplichtungen notwendigen Partner\/Kontakte.<\/p>\n<p>Die Weitergabe erfolgt ausschlie\u00dflich unter den Kriterien einer, der DSGVO entsprechenden Vertraulichkeitsvereinbarung.<\/p>\n<p><strong>Im Bezug auf Ihre personenbezogenen Daten und unserer Verarbeitung Ihrer personenbezogenen Daten haben Sie die folgenden Rechte:<\/strong><\/p>\n<p>\u2022 Recht auf Auskunft \u00fcber die betreffenden personenbezogenen Daten gem. Artikel 15 DSGVO;<br \/>\n\u2022 Recht auf Berichtigung gem. Artikel 16 DSGVO;<br \/>\n\u2022 Recht auf L\u00f6schung Ihrer Daten gem. Artikel 17 DSGVO;<br \/>\n\u2022 Recht auf Einschr\u00e4nkung der Verarbeitung Ihrer Daten gem. Artikel 18 DSGVO;<br \/>\n\u2022 Recht auf Daten\u00fcbertragbarkeit gem. Artikel 20 DSGVO, und<br \/>\n\u2022 Recht auf Widerspruch gegen die Verarbeitung gem. Artikel 21 DSGVO.<\/p>\n<p><strong>Einverst\u00e4ndnis\/Widerruf:<\/strong><br \/>\nSofern keine vertraglichen oder gesetzlichen Verpflichtungen vorliegen, erhalten<br \/>\nwir von Ihnen die ausdr\u00fcckliche, freiwillige und zweckgebundene Einverst\u00e4ndnis zur Verarbeitung der Daten.<\/p>\n<p>Diese Einwilligung kann von ihnen jederzeit ohne Angabe von Gr\u00fcnden entzogen werden. Sollten sie diese Einverst\u00e4ndnis zur\u00fcckziehen oder sollte der Zweck der Datenverarbeitung weg fallen, l\u00f6schen wir ihre Daten umgehend<\/p>\n<\/div><\/div><\/div><\/div><\/div><div class=\"vc_col-sm-6 wpb_column vc_column_container\"><div class=\"vc_column-inner\"><div class=\"wpb_wrapper\"><div class=\"wpb_text_column\"><div class=\"wpb_wrapper\"><p><strong>Hier eine ausf\u00fchrliche Rechtebeschreibung. &#8211; Nach Art. 12 (1) muss Information in \u201ein pr\u00e4ziser, transparenter, verst\u00e4ndlicher und leicht zug\u00e4nglicher Form in einer klaren und einfachen Sprache\u201c gehalten sein:<\/strong><\/p>\n<p>\u2022 Ihr Recht auf Information: Sie werden \u00fcber die Verwendung ihrer Daten informiert, bevor Ihre Daten verarbeitet werden.<\/p>\n<p>\u2022 Ihr Recht auf Auskunft: Wenn Sie detaillierte Auskunft \u00fcber jene Daten w\u00fcnschen, welche von uns<br \/>\nverarbeitet werden, so wenden Sie sich bitte direkt an uns. Wir geben Ihnen gerne Auskunft.<\/p>\n<p>\u2022 Ihr Recht auf Richtigkeit\/Aktualit\u00e4t: Wir sind bem\u00fcht, ihre Daten aktuell zu halten. Sollten Sie trotzdem fehlerhafte, oder alte Daten entdecken, bitte informieren Sie uns davon.<\/p>\n<p>\u2022 Ihr Recht auf L\u00f6schung: Sofern keine zwingenden Gr\u00fcnde vorliegen (gesetzliche Aufbewahrungsfrist; berechtigtes Interesse wie z.B. vertragliche Verpflichtungen, Garantien, Gew\u00e4hrleistung, offene Forderungen; &#8230;) k\u00f6nnen Sie nat\u00fcrlich jederzeit die L\u00f6schung ihrer Daten, bzw. die L\u00f6schung von Teilen ihrer Daten anfordern.<\/p>\n<p>\u2022 Widerspruchsrecht: Sollten Sie mit der Verarbeitung ihrer Daten nicht einverstanden sein, so wird die Verarbeitung Ihrer Daten bis zur Kl\u00e4rung der Sachlage gr\u00f6\u00dftm\u00f6glich eingeschr\u00e4nkt.<\/p>\n<p>\u2022 Ihr Recht auf Einschr\u00e4nkung der Verarbeitung: Sollte eine L\u00f6schung der Daten nicht m\u00f6glich sein, so haben Sie das Recht eine Einschr\u00e4nkung der Verarbeitung zu verlangen. Soferne dieser Einschr\u00e4nkung keine Verpflichtungen oder schwerwiegende berechtigte Interessen Dritter entgegen stehen, kommen wir ihrem Wunsch nach<\/p>\n<p>\u2022 Ihr Recht auf Datenportabilit\u00e4t: Sollten Sie uns Daten zur Verf\u00fcgung gestellt haben, welche von uns elektronisch erfasst wurden, so k\u00f6nnen sie diese in einem automatisiert verarbeitbaren Format strukturiert zur\u00fcck erhalten.<\/p>\n<p>\u2022 Ihr Recht auf Beschwerde: Sollten sie nach Aussch\u00f6pfen ihrer Rechte trotzdem der Ansicht sein, dem Datenschutz wurde nicht zur Gen\u00fcge entsprochen, so haben Sie das Recht Beschwerde bei der Datenschutzbeh\u00f6rde einzubringen. Informationen \u00fcber die \u00f6sterreichische Datenschutzbeh\u00f6rde finden Sie auf der Webseite www.dsb.gv.at<\/p>\n<p>Zur Geltendmachung dieses Rechte wenden Sie sich bitte direkt an die Datenverwaltung der Astri-Hosen GmbH unter datenschutz@astri.at (ab 25.05.2018)<\/p>\n<p>Zudem haben Sie das Recht, bei einer vermuteten Verletzung bez\u00fcglich Ihrer personenbezogenen Daten, eine Beschwerde bei der Datenschutzbeh\u00f6rde einzureichen.<\/p>\n<p>Wir ersuchen Sie um Weiterleitung dieser Information an alle relevanten Stellen in Ihrem Unternehmen<\/p>\n<p><strong>Vertraulichkeit:<\/strong><br \/>\nWir garantieren mit dieser Erkl\u00e4rung, dass alle Mitarbeiter zur Vertraulichkeit verpflichtet sind und dementsprechend geschult werden.<\/p>\n<p>Mit ihrer Unterschrift garantieren Sie uns, dass von uns an Sie weitergegebene Daten, nur f\u00fcr den gegenenen Zweck, ausschlie\u00dflich nach den Vorgaben der DSGVO und mit der selben Vertraulichkeit behandelt werden<\/p>\n<\/div><\/div><\/div><\/div><\/div><\/div><div class=\"g-cols wpb_row via_flex valign_top type_default stacking_default\"><div class=\"vc_col-sm-12 wpb_column vc_column_container\"><div class=\"vc_column-inner\"><div class=\"wpb_wrapper\"><div class=\"w-separator size_small with_line width_default thick_1 style_solid color_border align_center with_text with_content\"><div class=\"w-separator-h\"><h6 class=\"w-separator-text\"><i class=\"fas fa-star\"><\/i><span>Tradition, die passt!<\/span><\/h6><\/div><\/div><\/div><\/div><\/div><\/div><\/div><\/div><\/div><\/div><\/div><\/section><section class=\"l-section wpb_row height_medium color_alternate\"><div class=\"l-section-h i-cf\"><div class=\"g-cols vc_row via_flex valign_top type_default stacking_default\"><div class=\"vc_col-sm-12 wpb_column vc_column_container us_animate_hfc\"><div class=\"vc_column-inner\"><div class=\"wpb_wrapper\"><div class=\"w-actionbox color_light controls_right\"><div class=\"w-actionbox-text\"><h2 class=\"w-actionbox-title\">IMMER UP TO DATE&#8230; LIKE US ON FACEBOOK!<\/h2><\/div><div class=\"w-actionbox-controls\"><a class=\"w-btn us-btn-style_1\" href=\"http:\/\/www.facebook.at\/astrijagd\" style=\"font-size:18px;\"><span class=\"w-btn-label\">\u00bb\u00bb GFOIT DA \ud83d\ude09<\/span><\/a><\/div><\/div><\/div><\/div><\/div><\/div><\/div><\/section><section class=\"l-section wpb_row height_medium color_alternate with_img parallax_ver\"><div class=\"l-section-img\" style=\"background-image: url(https:\/\/www.astri.at\/astri\/a13_media\/2014\/08\/section.jpg);\" data-img-width=\"1690\" data-img-height=\"1124\"><\/div><div class=\"l-section-h i-cf\"><div class=\"g-cols vc_row via_flex valign_top type_default stacking_default\"><div class=\"vc_col-sm-12 wpb_column vc_column_container\"><div class=\"vc_column-inner\"><div class=\"wpb_wrapper\"><div class=\"w-grid type_carousel layout_5298 cols_5 valign_center no_gap\" id=\"us_grid_1\"><style>.layout_5298 .w-grid-item-h{}.layout_5298 .usg_post_image_1{transition-duration:0.3s;opacity:0.66}.layout_5298 .w-grid-item-h:hover .usg_post_image_1{opacity:1;border-color:#d0101c!important}<\/style><div class=\"w-grid-list owl-carousel navstyle_circle navpos_outside\">\t<article class=\"w-grid-item post-4439 attachment type-attachment status-inherit hentry\" data-id=\"4439\">\r\n\t\t<div class=\"w-grid-item-h\">\r\n\t\t\t\t\t\t<div class=\"w-post-elm post_image usg_post_image_1\"><a target=\"_blank\" href=\"http:\/\/www.astri.at\/astri\/produkte\/outdoormode\/\" rel=\"noopener\" aria-label=\"sport_2\"><img width=\"204\" height=\"136\" src=\"https:\/\/www.astri.at\/astri\/a13_media\/2013\/06\/sport_2.jpg\" class=\"attachment-medium size-medium\" alt=\"astri | Produzent f\u00fcr Jagd- und Sportbekleidung\" srcset=\"https:\/\/www.astri.at\/astri\/a13_media\/2013\/06\/sport_2.jpg 204w, https:\/\/www.astri.at\/astri\/a13_media\/2013\/06\/sport_2-60x40.jpg 60w\" sizes=\"(max-width: 204px) 100vw, 204px\" \/><\/a><\/div>\t\t<\/div>\r\n\t<\/article>\r\n\t<article class=\"w-grid-item post-4438 attachment type-attachment status-inherit hentry\" data-id=\"4438\">\r\n\t\t<div class=\"w-grid-item-h\">\r\n\t\t\t\t\t\t<div class=\"w-post-elm post_image usg_post_image_1\"><a target=\"_blank\" href=\"http:\/\/www.astri.at\/astri\/produkte\/outdoormode\/\" rel=\"noopener\" aria-label=\"sport_1\"><img width=\"204\" height=\"136\" src=\"https:\/\/www.astri.at\/astri\/a13_media\/2013\/06\/sport_1.jpg\" class=\"attachment-medium size-medium\" alt=\"astri | Produzent f\u00fcr Jagd- und Sportbekleidung\" srcset=\"https:\/\/www.astri.at\/astri\/a13_media\/2013\/06\/sport_1.jpg 204w, https:\/\/www.astri.at\/astri\/a13_media\/2013\/06\/sport_1-60x40.jpg 60w\" sizes=\"(max-width: 204px) 100vw, 204px\" \/><\/a><\/div>\t\t<\/div>\r\n\t<\/article>\r\n\t<article class=\"w-grid-item post-4437 attachment type-attachment status-inherit hentry\" data-id=\"4437\">\r\n\t\t<div class=\"w-grid-item-h\">\r\n\t\t\t\t\t\t<div class=\"w-post-elm post_image usg_post_image_1\"><a target=\"_blank\" href=\"http:\/\/www.astri.at\/astri\/produkte\/landhausmode\/\" rel=\"noopener\" aria-label=\"landhaus_2\"><img width=\"204\" height=\"136\" src=\"https:\/\/www.astri.at\/astri\/a13_media\/2013\/06\/landhaus_2.jpg\" class=\"attachment-medium size-medium\" alt=\"astri | Produzent f\u00fcr Jagd- und Sportbekleidung\" srcset=\"https:\/\/www.astri.at\/astri\/a13_media\/2013\/06\/landhaus_2.jpg 204w, https:\/\/www.astri.at\/astri\/a13_media\/2013\/06\/landhaus_2-60x40.jpg 60w\" sizes=\"(max-width: 204px) 100vw, 204px\" \/><\/a><\/div>\t\t<\/div>\r\n\t<\/article>\r\n\t<article class=\"w-grid-item post-4436 attachment type-attachment status-inherit hentry\" data-id=\"4436\">\r\n\t\t<div class=\"w-grid-item-h\">\r\n\t\t\t\t\t\t<div class=\"w-post-elm post_image usg_post_image_1\"><a target=\"_blank\" href=\"http:\/\/www.astri.at\/astri\/produkte\/landhausmode\/\" rel=\"noopener\" aria-label=\"landhaus_1\"><img width=\"204\" height=\"136\" src=\"https:\/\/www.astri.at\/astri\/a13_media\/2013\/06\/landhaus_1.jpg\" class=\"attachment-medium size-medium\" alt=\"astri | Produzent f\u00fcr Jagd- und Sportbekleidung\" srcset=\"https:\/\/www.astri.at\/astri\/a13_media\/2013\/06\/landhaus_1.jpg 204w, https:\/\/www.astri.at\/astri\/a13_media\/2013\/06\/landhaus_1-60x40.jpg 60w\" sizes=\"(max-width: 204px) 100vw, 204px\" \/><\/a><\/div>\t\t<\/div>\r\n\t<\/article>\r\n\t<article class=\"w-grid-item post-4435 attachment type-attachment status-inherit hentry\" data-id=\"4435\">\r\n\t\t<div class=\"w-grid-item-h\">\r\n\t\t\t\t\t\t<div class=\"w-post-elm post_image usg_post_image_1\"><a target=\"_blank\" href=\"http:\/\/www.astri.at\/astri\/produkte\/jagdbekleidung\/\" rel=\"noopener\" aria-label=\"jagd_3\"><img width=\"204\" height=\"136\" src=\"https:\/\/www.astri.at\/astri\/a13_media\/2013\/06\/jagd_3.jpg\" class=\"attachment-medium size-medium\" alt=\"astri | Produzent f\u00fcr Jagd- und Sportbekleidung\" srcset=\"https:\/\/www.astri.at\/astri\/a13_media\/2013\/06\/jagd_3.jpg 204w, https:\/\/www.astri.at\/astri\/a13_media\/2013\/06\/jagd_3-60x40.jpg 60w\" sizes=\"(max-width: 204px) 100vw, 204px\" \/><\/a><\/div>\t\t<\/div>\r\n\t<\/article>\r\n\t<article class=\"w-grid-item post-4434 attachment type-attachment status-inherit hentry\" data-id=\"4434\">\r\n\t\t<div class=\"w-grid-item-h\">\r\n\t\t\t\t\t\t<div class=\"w-post-elm post_image usg_post_image_1\"><a target=\"_blank\" href=\"http:\/\/www.astri.at\/astri\/produkte\/jagdbekleidung\/\" rel=\"noopener\" aria-label=\"jagd_2\"><img width=\"204\" height=\"136\" src=\"https:\/\/www.astri.at\/astri\/a13_media\/2013\/06\/jagd_2.jpg\" class=\"attachment-medium size-medium\" alt=\"astri | Produzent f\u00fcr Jagd- und Sportbekleidung\" srcset=\"https:\/\/www.astri.at\/astri\/a13_media\/2013\/06\/jagd_2.jpg 204w, https:\/\/www.astri.at\/astri\/a13_media\/2013\/06\/jagd_2-60x40.jpg 60w\" sizes=\"(max-width: 204px) 100vw, 204px\" \/><\/a><\/div>\t\t<\/div>\r\n\t<\/article>\r\n\t<article class=\"w-grid-item post-4433 attachment type-attachment status-inherit hentry\" data-id=\"4433\">\r\n\t\t<div class=\"w-grid-item-h\">\r\n\t\t\t\t\t\t<div class=\"w-post-elm post_image usg_post_image_1\"><a target=\"_blank\" href=\"http:\/\/www.astri.at\/astri\/produkte\/jagdbekleidung\/\" rel=\"noopener\" aria-label=\"jagd_1\"><img width=\"204\" height=\"136\" src=\"https:\/\/www.astri.at\/astri\/a13_media\/2013\/06\/jagd_1.jpg\" class=\"attachment-medium size-medium\" alt=\"astri | Produzent f\u00fcr Jagd- und Sportbekleidung\" srcset=\"https:\/\/www.astri.at\/astri\/a13_media\/2013\/06\/jagd_1.jpg 204w, https:\/\/www.astri.at\/astri\/a13_media\/2013\/06\/jagd_1-60x40.jpg 60w\" sizes=\"(max-width: 204px) 100vw, 204px\" \/><\/a><\/div>\t\t<\/div>\r\n\t<\/article>\r\n\t<article class=\"w-grid-item post-3212 attachment type-attachment status-inherit hentry\" data-id=\"3212\">\r\n\t\t<div class=\"w-grid-item-h\">\r\n\t\t\t\t\t\t<div class=\"w-post-elm post_image usg_post_image_1\"><a target=\"_blank\" href=\"http:\/\/www.astri.at\/astri\/produkte\/outdoormode\/\" rel=\"noopener\" aria-label=\"image_2\"><img width=\"204\" height=\"136\" src=\"https:\/\/www.astri.at\/astri\/a13_media\/2013\/06\/image_2.jpg\" class=\"attachment-medium size-medium\" alt=\"\" \/><\/a><\/div>\t\t<\/div>\r\n\t<\/article>\r\n<\/div><div class=\"g-preloader type_1\">\r\n\t<div><\/div>\r\n<\/div>\r\n\t<div class=\"w-grid-json hidden\" onclick='return {&quot;action&quot;:&quot;us_ajax_grid&quot;,&quot;ajax_url&quot;:&quot;https:\\\/\\\/www.astri.at\\\/astri\\\/wp-admin\\\/admin-ajax.php&quot;,&quot;infinite_scroll&quot;:0,&quot;max_num_pages&quot;:1,&quot;pagination&quot;:&quot;none&quot;,&quot;permalink_url&quot;:&quot;https:\\\/\\\/www.astri.at\\\/astri\\\/wp-json\\\/wp\\\/v2\\\/pages\\\/4908&quot;,&quot;template_vars&quot;:{&quot;columns&quot;:&quot;5&quot;,&quot;exclude_items&quot;:&quot;none&quot;,&quot;img_size&quot;:&quot;medium&quot;,&quot;ignore_items_size&quot;:false,&quot;items_layout&quot;:&quot;5298&quot;,&quot;items_offset&quot;:&quot;1&quot;,&quot;load_animation&quot;:&quot;none&quot;,&quot;overriding_link&quot;:&quot;none&quot;,&quot;post_id&quot;:4908,&quot;query_args&quot;:{&quot;post_type&quot;:[&quot;attachment&quot;],&quot;post__in&quot;:[&quot;3212&quot;,&quot;4438&quot;,&quot;4433&quot;,&quot;4435&quot;,&quot;4436&quot;,&quot;4437&quot;,&quot;4434&quot;,&quot;4439&quot;],&quot;post_status&quot;:&quot;inherit&quot;,&quot;post_mime_type&quot;:&quot;image&quot;,&quot;posts_per_page&quot;:999},&quot;orderby_query_args&quot;:{&quot;orderby&quot;:{&quot;date&quot;:&quot;DESC&quot;}},&quot;type&quot;:&quot;carousel&quot;,&quot;us_grid_ajax_index&quot;:1,&quot;us_grid_filter_params&quot;:null,&quot;us_grid_index&quot;:1,&quot;_us_grid_post_type&quot;:&quot;attachment&quot;},&quot;carousel_settings&quot;:{&quot;autoHeight&quot;:0,&quot;autoplay&quot;:1,&quot;carousel_fade&quot;:0,&quot;center&quot;:0,&quot;dots&quot;:0,&quot;items&quot;:&quot;5&quot;,&quot;loop&quot;:false,&quot;nav&quot;:0,&quot;slideby&quot;:&quot;1&quot;,&quot;smooth_play&quot;:0,&quot;speed&quot;:250,&quot;timeout&quot;:3000,&quot;transition&quot;:&quot;&quot;},&quot;carousel_breakpoints&quot;:{&quot;0&quot;:{&quot;autoHeight&quot;:0,&quot;autoplay&quot;:1,&quot;autoplayHoverPause&quot;:1,&quot;items&quot;:1,&quot;loop&quot;:true,&quot;stagePadding&quot;:0},&quot;600&quot;:{&quot;autoHeight&quot;:0,&quot;autoplay&quot;:1,&quot;autoplayHoverPause&quot;:1,&quot;items&quot;:2,&quot;loop&quot;:false,&quot;stagePadding&quot;:0},&quot;900&quot;:{&quot;autoHeight&quot;:0,&quot;autoplay&quot;:1,&quot;autoplayHoverPause&quot;:1,&quot;items&quot;:3,&quot;loop&quot;:false,&quot;stagePadding&quot;:0},&quot;1200&quot;:{&quot;items&quot;:5,&quot;stagePadding&quot;:0}}}'><\/div>\r\n\t<\/div><\/div><\/div><\/div><\/div><\/div><\/section>\n","protected":false},"excerpt":{"rendered":"","protected":false},"author":2,"featured_media":0,"parent":0,"menu_order":0,"comment_status":"closed","ping_status":"closed","template":"","meta":[],"_links":{"self":[{"href":"https:\/\/www.astri.at\/astri\/wp-json\/wp\/v2\/pages\/4908"}],"collection":[{"href":"https:\/\/www.astri.at\/astri\/wp-json\/wp\/v2\/pages"}],"about":[{"href":"https:\/\/www.astri.at\/astri\/wp-json\/wp\/v2\/types\/page"}],"author":[{"embeddable":true,"href":"https:\/\/www.astri.at\/astri\/wp-json\/wp\/v2\/users\/2"}],"replies":[{"embeddable":true,"href":"https:\/\/www.astri.at\/astri\/wp-json\/wp\/v2\/comments?post=4908"}],"version-history":[{"count":0,"href":"https:\/\/www.astri.at\/astri\/wp-json\/wp\/v2\/pages\/4908\/revisions"}],"wp:attachment":[{"href":"https:\/\/www.astri.at\/astri\/wp-json\/wp\/v2\/media?parent=4908"}],"curies":[{"name":"wp","href":"https:\/\/api.w.org\/{rel}","templated":true}]}}