{"id":3570,"date":"2014-08-13T12:32:29","date_gmt":"2014-08-13T10:32:29","guid":{"rendered":"http:\/\/www.astri.at\/astri\/?page_id=3570"},"modified":"2025-11-05T17:47:53","modified_gmt":"2025-11-05T15:47:53","slug":"impressum","status":"publish","type":"page","link":"https:\/\/www.astri.at\/astri\/impressum\/","title":{"rendered":"Impressum"},"content":{"rendered":"<section class=\"l-section wpb_row height_small color_alternate with_img\"><div class=\"l-section-img\" role=\"img\" aria-label=\"Bild\" data-img-width=\"400\" data-img-height=\"400\" style=\"background-image: url(https:\/\/www.astri.at\/astri\/a13_media\/2014\/08\/background_light.png);background-position: ;background-repeat: ;\"><\/div><div class=\"l-section-h i-cf\"><div class=\"g-cols vc_row via_flex valign_middle type_default stacking_default\"><div class=\"vc_col-sm-6 wpb_column vc_column_container\"><div class=\"vc_column-inner\"><div class=\"wpb_wrapper\"><h1 class=\"w-post-elm post_title us_custom_607cd7e8 entry-title color_link_inherit\">Impressum<\/h1><\/div><\/div><\/div><div class=\"vc_col-sm-6 wpb_column vc_column_container\"><div class=\"vc_column-inner\"><div class=\"wpb_wrapper\"><nav class=\"g-breadcrumbs us_custom_ea2be81a separator_icon align_right\" itemscope itemtype=\"http:\/\/schema.org\/BreadcrumbList\"><div class=\"g-breadcrumbs-item\" itemscope itemprop=\"itemListElement\" itemtype=\"http:\/\/schema.org\/ListItem\"><a itemprop=\"item\" href=\"https:\/\/www.astri.at\/astri\/\"><span itemprop=\"name\">Start<\/span><\/a><meta itemprop=\"position\" content=\"1\"\/><\/div><div class=\"g-breadcrumbs-separator\"><i class=\"far fa-angle-right\"><\/i><\/div><div class=\"g-breadcrumbs-item\">Seiten<\/div><\/nav><\/div><\/div><\/div><\/div><\/div><\/section><section class=\"l-section wpb_row height_medium color_alternate with_img parallax_hor bgwidth_130\"><div class=\"l-section-img\" role=\"img\" aria-label=\"Bild\" data-img-width=\"2920\" data-img-height=\"1082\" style=\"background-image: url(https:\/\/www.astri.at\/astri\/a13_media\/2014\/08\/jagd3.jpg);\"><\/div><div class=\"l-section-h i-cf\"><div class=\"g-cols vc_row via_flex valign_top type_default stacking_default\"><div class=\"vc_col-sm-12 wpb_column vc_column_container\"><div class=\"vc_column-inner\"><div class=\"wpb_wrapper\"><div class=\"wpb_text_column\"><div class=\"wpb_wrapper\"><p>&nbsp;<\/p>\n<p>&nbsp;<\/p>\n<p>&nbsp;<\/p>\n<p>&nbsp;<\/p>\n<\/div><\/div><\/div><\/div><\/div><\/div><\/div><\/section><section class=\"l-section wpb_row height_medium\"><div class=\"l-section-h i-cf\"><div class=\"g-cols vc_row via_flex valign_top type_default stacking_default\"><div class=\"vc_col-sm-12 wpb_column vc_column_container\"><div class=\"vc_column-inner\"><div class=\"wpb_wrapper\"><div class=\"g-cols wpb_row via_flex valign_top type_default stacking_default\"><div class=\"vc_col-sm-6 wpb_column vc_column_container\"><div class=\"vc_column-inner\"><div class=\"wpb_wrapper\"><div class=\"wpb_text_column\"><div class=\"wpb_wrapper\"><h4>Impressum<\/h4>\n<p><b>Astri Hosen Gesellschaft m.b.H.\u00a0<\/b><br \/>\nIndustriestra\u00dfe 5,<br \/>\n6430 \u00d6tztal-Bahnhof,<br \/>\n\u00d6sterreich<\/p>\n<p><strong>UID-Nummer:<\/strong> ATU32786704<br \/>\n<strong>Firmenbuchnummer:<\/strong> 44748g<br \/>\n<strong>Firmenbuchgericht:<\/strong> Innsbruck<br \/>\n<strong>Firmensitz:<\/strong> A-6430 \u00d6tztal-Bahnhof<\/p>\n<p><strong>Tel.:<\/strong> <a href=\"tel:+43526688260\">+43 5266 88 260<\/a><br \/>\n<strong>Fax:<\/strong> +43 5266 87 405<br \/>\n<strong>E-Mail:<\/strong> <a href=\"mailto:service@astri.at\">service@astri.at<\/a><\/p>\n<p>Mitglied bei der WKO, Fv Textil-, Bekleidungs-, Schuh- und Lederindustrie<br \/>\n<strong>Berufsrecht:<\/strong> Gewerbeordnung: www.ris.bka.gv.at<\/p>\n<p><strong>Aufsichtsbeh\u00f6rde\/Gewerbebeh\u00f6rde:<\/strong> Bezirkshauptmannschaft Imst<\/p>\n<p><strong>Gesch\u00e4ftsf\u00fchrer<\/strong><br \/>\nHerr Clemens Strigl<\/p>\n<div>Verbraucher haben die M\u00f6glichkeit, Beschwerden an die Online Streit beilegungsplattform der EU zu richten: http:\/\/ec.europa.eu\/odr<\/div>\n<div>Sie k\u00f6nnen allf\u00e4llige Beschwerde auch an die oben angegebene E-Mail-Adresse richten.<\/div>\n<p>&nbsp;<\/p>\n<p><a href=\"https:\/\/firmen.wko.at\/Web\/DetailsInfos.aspx?FirmaID=26fb25ba-db40-41d8-9cb5-c3378a447c87\" target=\"_blank\" rel=\"noopener\"><img decoding=\"async\" class=\"wp-image-4588 alignnone\" src=\"http:\/\/www.astri.at\/astri\/a13_media\/2014\/08\/wko.png\" alt=\"wko\" width=\"200\" height=\"78\" srcset=\"https:\/\/www.astri.at\/astri\/a13_media\/2014\/08\/wko.png 450w, https:\/\/www.astri.at\/astri\/a13_media\/2014\/08\/wko-300x117.png 300w\" sizes=\"(max-width: 200px) 100vw, 200px\" \/><\/a><\/p>\n<p style=\"font-weight: inherit; color: #131313;\"><a href=\"https:\/\/firmen.wko.at\/Web\/DetailsKontakt.aspx?FirmaID=26fb25ba-db40-41d8-9cb5-c3378a447c87&amp;StandortID=0&amp;Suchbegriff=astri&amp;Page=1\" target=\"_blank\" rel=\"noopener\"><strong>\u00bb\u00bb zur WKO Astri Seite<\/strong> <\/a><\/p>\n<h5 style=\"font-weight: inherit; color: #131313;\"><\/h5>\n<hr \/>\n<h5 style=\"font-weight: inherit; color: #131313;\"><\/h5>\n<h5 style=\"font-weight: inherit; color: #131313;\">Website Umsetzung \/ Design:<\/h5>\n<p style=\"color: #5b5b5b;\"><a title=\"Werbeagentur Tirol\" href=\"http:\/\/www.agentur13.at\" target=\"_blank\" rel=\"noopener\">agentur 13 |\u00a0Werbeagentur Tirol<\/a><br \/>\n<a href=\"https:\/\/www.agentur13.at\" target=\"_blank\" rel=\"noopener\"><img decoding=\"async\" class=\"alignleft wp-image-4879\" src=\"https:\/\/www.astri.at\/astri\/a13_media\/2018\/05\/IMPRESSUM_AGENTUR13.png\" alt=\"Agentur 13 | Werbeagentur | Tirol\" width=\"250\" height=\"75\" srcset=\"https:\/\/www.astri.at\/astri\/a13_media\/2018\/05\/IMPRESSUM_AGENTUR13.png 400w, https:\/\/www.astri.at\/astri\/a13_media\/2018\/05\/IMPRESSUM_AGENTUR13-300x90.png 300w\" sizes=\"(max-width: 250px) 100vw, 250px\" \/><\/a><\/p>\n<h5><\/h5>\n<h5 style=\"font-weight: inherit; color: #131313;\"><\/h5>\n<h5><\/h5>\n<h5 style=\"font-weight: inherit; color: #131313;\">Quellenangaben f\u00fcr die verwendeten Bilder und Grafiken:<\/h5>\n<p style=\"color: #5b5b5b;\"><span style=\"color: #333333;\"><a style=\"font-weight: bold; font-style: inherit; color: #d48b2e;\" title=\"Werbeagentur\" href=\"http:\/\/www.agentur13.at\/\" target=\"_blank\" rel=\"noopener\"><span style=\"color: #333333;\">www.agentur13.at<\/span><\/a><\/span><\/p>\n<p><strong>shutterstock.com<\/strong><\/p>\n<p><strong>stock.adobe.com<\/strong><\/p>\n<\/div><\/div><\/div><\/div><\/div><div class=\"vc_col-sm-6 wpb_column vc_column_container\"><div class=\"vc_column-inner\"><div class=\"wpb_wrapper\"><div class=\"wpb_text_column\"><div class=\"wpb_wrapper\"><h4 style=\"font-weight: inherit; color: #131313;\">Haftungsausschluss (Disclaimer)<\/h4>\n<p style=\"color: #5b5b5b;\"><strong style=\"font-style: inherit;\">Haftung f\u00fcr Inhalte<\/strong><\/p>\n<p style=\"color: #5b5b5b;\">Als Diensteanbieter sind wir gem\u00e4\u00df \u00a7 7 Abs.1 TMG f\u00fcr eigene Inhalte auf diesen Seiten nach den allgemeinen Gesetzen verantwortlich. Nach \u00a7\u00a7 8 bis 10 TMG sind wir als Diensteanbieter jedoch nicht verpflichtet, \u00fcbermittelte oder gespeicherte fremde Informationen zu \u00fcberwachen oder nach Umst\u00e4nden zu forschen, die auf eine rechtswidrige T\u00e4tigkeit hinweisen. Verpflichtungen zur Entfernung oder Sperrung der Nutzung von Informationen nach den allgemeinen Gesetzen bleiben hiervon unber\u00fchrt. Eine diesbez\u00fcgliche Haftung ist jedoch erst ab dem Zeitpunkt der Kenntnis einer konkreten Rechtsverletzung m\u00f6glich. Bei Bekanntwerden von entsprechenden Rechtsverletzungen werden wir diese Inhalte umgehend entfernen.<\/p>\n<p style=\"color: #5b5b5b;\"><strong style=\"font-style: inherit;\">Haftung f\u00fcr Links<\/strong><\/p>\n<p style=\"color: #5b5b5b;\">Unser Angebot enth\u00e4lt Links zu externen Webseiten Dritter, auf deren Inhalte wir keinen Einfluss haben. Deshalb k\u00f6nnen wir f\u00fcr diese fremden Inhalte auch keine Gew\u00e4hr \u00fcbernehmen. F\u00fcr die Inhalte der verlinkten Seiten ist stets der jeweilige Anbieter oder Betreiber der Seiten verantwortlich. Die verlinkten Seiten wurden zum Zeitpunkt der Verlinkung auf m\u00f6gliche Rechtsverst\u00f6\u00dfe \u00fcberpr\u00fcft. Rechtswidrige Inhalte waren zum Zeitpunkt der Verlinkung nicht erkennbar. Eine permanente inhaltliche Kontrolle der verlinkten Seiten ist jedoch ohne konkrete Anhaltspunkte einer Rechtsverletzung nicht zumutbar. Bei Bekanntwerden von Rechtsverletzungen werden wir derartige Links umgehend entfernen.<\/p>\n<p style=\"color: #5b5b5b;\"><strong style=\"font-style: inherit;\">Urheberrecht<\/strong><\/p>\n<p style=\"color: #5b5b5b;\">Die durch die Seitenbetreiber erstellten Inhalte und Werke auf diesen Seiten unterliegen dem deutschen Urheberrecht. Die Vervielf\u00e4ltigung, Bearbeitung, Verbreitung und jede Art der Verwertung au\u00dferhalb der Grenzen des Urheberrechtes bed\u00fcrfen der schriftlichen Zustimmung des jeweiligen Autors bzw. Erstellers. Downloads und Kopien dieser Seite sind nur f\u00fcr den privaten, nicht kommerziellen Gebrauch gestattet. Soweit die Inhalte auf dieser Seite nicht vom Betreiber erstellt wurden, werden die Urheberrechte Dritter beachtet. Insbesondere werden Inhalte Dritter als solche gekennzeichnet. Sollten Sie trotzdem auf eine Urheberrechtsverletzung aufmerksam werden, bitten wir um einen entsprechenden Hinweis. Bei Bekanntwerden von Rechtsverletzungen werden wir derartige Inhalte umgehend entfernen.<\/p>\n<\/div><\/div><\/div><\/div><\/div><\/div><div class=\"g-cols wpb_row via_flex valign_top type_default stacking_default\"><div class=\"vc_col-sm-12 wpb_column vc_column_container\"><div class=\"vc_column-inner\"><div class=\"wpb_wrapper\"><div class=\"w-separator size_small with_line width_default thick_1 style_solid color_border align_center with_text with_content\"><div class=\"w-separator-h\"><h6 class=\"w-separator-text\"><i class=\"fas fa-star\"><\/i><span>Tradition, die passt!<\/span><\/h6><\/div><\/div><\/div><\/div><\/div><\/div><\/div><\/div><\/div><\/div><\/div><\/section><section class=\"l-section wpb_row height_medium color_alternate\"><div class=\"l-section-h i-cf\"><div class=\"g-cols vc_row via_flex valign_top type_default stacking_default\"><div class=\"vc_col-sm-12 wpb_column vc_column_container us_animate_hfc\"><div class=\"vc_column-inner\"><div class=\"wpb_wrapper\"><div class=\"w-actionbox color_light controls_right\"><div class=\"w-actionbox-text\"><h2 class=\"w-actionbox-title\">IMMER UP TO DATE&#8230; LIKE US ON FACEBOOK!<\/h2><\/div><div class=\"w-actionbox-controls\"><a class=\"w-btn us-btn-style_1\" style=\"font-size:18px\" href=\"http:\/\/www.facebook.at\/astrijagd\"><span class=\"w-btn-label\">\u00bb\u00bb GFOIT DA \ud83d\ude09<\/span><\/a><\/div><\/div><\/div><\/div><\/div><\/div><\/div><\/section><section class=\"l-section wpb_row height_medium color_alternate with_img parallax_ver\"><div class=\"l-section-img\" role=\"img\" aria-label=\"Bild\" data-img-width=\"1690\" data-img-height=\"1124\" style=\"background-image: url(https:\/\/www.astri.at\/astri\/a13_media\/2014\/08\/section.jpg);\"><\/div><div class=\"l-section-h i-cf\"><div class=\"g-cols vc_row via_flex valign_top type_default stacking_default\"><div class=\"vc_col-sm-12 wpb_column vc_column_container\"><div class=\"vc_column-inner\"><div class=\"wpb_wrapper\"><div class=\"w-grid us_carousel type_carousel layout_5298 preload_style_spinner items_5\" id=\"us_grid_1\" style=\"--items:5;\"><style>.layout_5298 .w-grid-item-h{}.layout_5298 .usg_post_image_1{transition-duration:0.3s;opacity:0.66}.layout_5298 .w-grid-item-h:focus-within .usg_post_image_1,.layout_5298 .w-grid-item-h:hover .usg_post_image_1{opacity:1;border-color:#d0101c!important}<\/style><div class=\"w-grid-list owl-carousel valign_middle dotstyle_circle navstyle_circle arrows-ver-pos_middle arrows-hor-pos_on_sides_outside arrows-disabled_hide owl-responsive-2000\" style=\"--transition-duration:350ms;\">\t<article class=\"w-grid-item post-4439 attachment type-attachment status-inherit hentry\" data-id=\"4439\">\r\n\t\t<div class=\"w-grid-item-h\">\r\n\t\t\t\t\t\t<div class=\"w-post-elm post_image usg_post_image_1\"><a target=\"_blank\" rel=\"nofollow\" href=\"http:\/\/www.astri.at\/astri\/produkte\/outdoormode\/\" aria-label=\"sport_2\"><img decoding=\"async\" width=\"204\" height=\"136\" src=\"https:\/\/www.astri.at\/astri\/a13_media\/2013\/06\/sport_2.jpg\" class=\"attachment-medium size-medium\" alt=\"astri | Produzent f\u00fcr Jagd- und Sportbekleidung\" srcset=\"https:\/\/www.astri.at\/astri\/a13_media\/2013\/06\/sport_2.jpg 204w, https:\/\/www.astri.at\/astri\/a13_media\/2013\/06\/sport_2-60x40.jpg 60w\" sizes=\"(max-width: 204px) 100vw, 204px\" \/><\/a><\/div>\t\t<\/div>\r\n\t\t\t<\/article>\r\n\t<article class=\"w-grid-item post-4438 attachment type-attachment status-inherit hentry\" data-id=\"4438\">\r\n\t\t<div class=\"w-grid-item-h\">\r\n\t\t\t\t\t\t<div class=\"w-post-elm post_image usg_post_image_1\"><a target=\"_blank\" rel=\"nofollow\" href=\"http:\/\/www.astri.at\/astri\/produkte\/outdoormode\/\" aria-label=\"sport_1\"><img decoding=\"async\" width=\"204\" height=\"136\" src=\"https:\/\/www.astri.at\/astri\/a13_media\/2013\/06\/sport_1.jpg\" class=\"attachment-medium size-medium\" alt=\"astri | Produzent f\u00fcr Jagd- und Sportbekleidung\" srcset=\"https:\/\/www.astri.at\/astri\/a13_media\/2013\/06\/sport_1.jpg 204w, https:\/\/www.astri.at\/astri\/a13_media\/2013\/06\/sport_1-60x40.jpg 60w\" sizes=\"(max-width: 204px) 100vw, 204px\" \/><\/a><\/div>\t\t<\/div>\r\n\t\t\t<\/article>\r\n\t<article class=\"w-grid-item post-4437 attachment type-attachment status-inherit hentry\" data-id=\"4437\">\r\n\t\t<div class=\"w-grid-item-h\">\r\n\t\t\t\t\t\t<div class=\"w-post-elm post_image usg_post_image_1\"><a target=\"_blank\" rel=\"nofollow\" href=\"http:\/\/www.astri.at\/astri\/produkte\/landhausmode\/\" aria-label=\"landhaus_2\"><img decoding=\"async\" width=\"204\" height=\"136\" src=\"https:\/\/www.astri.at\/astri\/a13_media\/2013\/06\/landhaus_2.jpg\" class=\"attachment-medium size-medium\" alt=\"astri | Produzent f\u00fcr Jagd- und Sportbekleidung\" srcset=\"https:\/\/www.astri.at\/astri\/a13_media\/2013\/06\/landhaus_2.jpg 204w, https:\/\/www.astri.at\/astri\/a13_media\/2013\/06\/landhaus_2-60x40.jpg 60w\" sizes=\"(max-width: 204px) 100vw, 204px\" \/><\/a><\/div>\t\t<\/div>\r\n\t\t\t<\/article>\r\n\t<article class=\"w-grid-item post-4436 attachment type-attachment status-inherit hentry\" data-id=\"4436\">\r\n\t\t<div class=\"w-grid-item-h\">\r\n\t\t\t\t\t\t<div class=\"w-post-elm post_image usg_post_image_1\"><a target=\"_blank\" rel=\"nofollow\" href=\"http:\/\/www.astri.at\/astri\/produkte\/landhausmode\/\" aria-label=\"landhaus_1\"><img decoding=\"async\" width=\"204\" height=\"136\" src=\"https:\/\/www.astri.at\/astri\/a13_media\/2013\/06\/landhaus_1.jpg\" class=\"attachment-medium size-medium\" alt=\"astri | Produzent f\u00fcr Jagd- und Sportbekleidung\" srcset=\"https:\/\/www.astri.at\/astri\/a13_media\/2013\/06\/landhaus_1.jpg 204w, https:\/\/www.astri.at\/astri\/a13_media\/2013\/06\/landhaus_1-60x40.jpg 60w\" sizes=\"(max-width: 204px) 100vw, 204px\" \/><\/a><\/div>\t\t<\/div>\r\n\t\t\t<\/article>\r\n\t<article class=\"w-grid-item post-4435 attachment type-attachment status-inherit hentry\" data-id=\"4435\">\r\n\t\t<div class=\"w-grid-item-h\">\r\n\t\t\t\t\t\t<div class=\"w-post-elm post_image usg_post_image_1\"><a target=\"_blank\" rel=\"nofollow\" href=\"http:\/\/www.astri.at\/astri\/produkte\/jagdbekleidung\/\" aria-label=\"jagd_3\"><img decoding=\"async\" width=\"204\" height=\"136\" src=\"https:\/\/www.astri.at\/astri\/a13_media\/2013\/06\/jagd_3.jpg\" class=\"attachment-medium size-medium\" alt=\"astri | Produzent f\u00fcr Jagd- und Sportbekleidung\" srcset=\"https:\/\/www.astri.at\/astri\/a13_media\/2013\/06\/jagd_3.jpg 204w, https:\/\/www.astri.at\/astri\/a13_media\/2013\/06\/jagd_3-60x40.jpg 60w\" sizes=\"(max-width: 204px) 100vw, 204px\" \/><\/a><\/div>\t\t<\/div>\r\n\t\t\t<\/article>\r\n\t<article class=\"w-grid-item post-4434 attachment type-attachment status-inherit hentry\" data-id=\"4434\">\r\n\t\t<div class=\"w-grid-item-h\">\r\n\t\t\t\t\t\t<div class=\"w-post-elm post_image usg_post_image_1\"><a target=\"_blank\" rel=\"nofollow\" href=\"http:\/\/www.astri.at\/astri\/produkte\/jagdbekleidung\/\" aria-label=\"jagd_2\"><img decoding=\"async\" width=\"204\" height=\"136\" src=\"https:\/\/www.astri.at\/astri\/a13_media\/2013\/06\/jagd_2.jpg\" class=\"attachment-medium size-medium\" alt=\"astri | Produzent f\u00fcr Jagd- und Sportbekleidung\" srcset=\"https:\/\/www.astri.at\/astri\/a13_media\/2013\/06\/jagd_2.jpg 204w, https:\/\/www.astri.at\/astri\/a13_media\/2013\/06\/jagd_2-60x40.jpg 60w\" sizes=\"(max-width: 204px) 100vw, 204px\" \/><\/a><\/div>\t\t<\/div>\r\n\t\t\t<\/article>\r\n\t<article class=\"w-grid-item post-4433 attachment type-attachment status-inherit hentry\" data-id=\"4433\">\r\n\t\t<div class=\"w-grid-item-h\">\r\n\t\t\t\t\t\t<div class=\"w-post-elm post_image usg_post_image_1\"><a target=\"_blank\" rel=\"nofollow\" href=\"http:\/\/www.astri.at\/astri\/produkte\/jagdbekleidung\/\" aria-label=\"jagd_1\"><img decoding=\"async\" width=\"204\" height=\"136\" src=\"https:\/\/www.astri.at\/astri\/a13_media\/2013\/06\/jagd_1.jpg\" class=\"attachment-medium size-medium\" alt=\"astri | Produzent f\u00fcr Jagd- und Sportbekleidung\" srcset=\"https:\/\/www.astri.at\/astri\/a13_media\/2013\/06\/jagd_1.jpg 204w, https:\/\/www.astri.at\/astri\/a13_media\/2013\/06\/jagd_1-60x40.jpg 60w\" sizes=\"(max-width: 204px) 100vw, 204px\" \/><\/a><\/div>\t\t<\/div>\r\n\t\t\t<\/article>\r\n\t<article class=\"w-grid-item post-3212 attachment type-attachment status-inherit hentry\" data-id=\"3212\">\r\n\t\t<div class=\"w-grid-item-h\">\r\n\t\t\t\t\t\t<div class=\"w-post-elm post_image usg_post_image_1\"><a target=\"_blank\" rel=\"nofollow\" href=\"http:\/\/www.astri.at\/astri\/produkte\/outdoormode\/\" aria-label=\"image_2\"><img decoding=\"async\" width=\"204\" height=\"136\" src=\"https:\/\/www.astri.at\/astri\/a13_media\/2013\/06\/image_2.jpg\" class=\"attachment-medium size-medium\" alt=\"\" \/><\/a><\/div>\t\t<\/div>\r\n\t\t\t<\/article>\r\n<\/div><div class=\"w-grid-carousel-json hidden\" onclick='return {&quot;carousel_settings&quot;:{&quot;aria_labels&quot;:{&quot;prev&quot;:&quot;Zur\\u00fcck&quot;,&quot;next&quot;:&quot;Weiter&quot;},&quot;autoplayContinual&quot;:false,&quot;autoplayHoverPause&quot;:false,&quot;autoplayTimeout&quot;:3000,&quot;autoWidth&quot;:false,&quot;smartSpeed&quot;:350,&quot;margin&quot;:0,&quot;mouseDrag&quot;:true,&quot;rtl&quot;:false,&quot;slideBy&quot;:&quot;1&quot;,&quot;touchDrag&quot;:true,&quot;slideTransition&quot;:&quot;&quot;,&quot;responsive&quot;:{&quot;0&quot;:{&quot;autoHeight&quot;:false,&quot;autoplay&quot;:true,&quot;autoWidth&quot;:false,&quot;center&quot;:false,&quot;dots&quot;:false,&quot;items&quot;:1,&quot;loop&quot;:true,&quot;nav&quot;:false,&quot;stagePadding&quot;:0,&quot;slideBy&quot;:&quot;1&quot;},&quot;601&quot;:{&quot;autoHeight&quot;:false,&quot;autoplay&quot;:true,&quot;autoWidth&quot;:false,&quot;center&quot;:false,&quot;dots&quot;:false,&quot;items&quot;:2,&quot;loop&quot;:true,&quot;nav&quot;:false,&quot;stagePadding&quot;:0,&quot;slideBy&quot;:&quot;1&quot;},&quot;1025&quot;:{&quot;autoHeight&quot;:false,&quot;autoplay&quot;:true,&quot;autoWidth&quot;:false,&quot;center&quot;:false,&quot;dots&quot;:false,&quot;items&quot;:3,&quot;loop&quot;:true,&quot;nav&quot;:false,&quot;stagePadding&quot;:0,&quot;slideBy&quot;:&quot;1&quot;},&quot;1281&quot;:{&quot;items&quot;:5,&quot;autoplay&quot;:true,&quot;center&quot;:false,&quot;dots&quot;:false,&quot;nav&quot;:false,&quot;autoHeight&quot;:false,&quot;autoWidth&quot;:false,&quot;loop&quot;:true,&quot;stagePadding&quot;:0}}}}'><\/div><\/div><\/div><\/div><\/div><\/div><\/div><\/section>\n","protected":false},"excerpt":{"rendered":"","protected":false},"author":2,"featured_media":0,"parent":0,"menu_order":0,"comment_status":"closed","ping_status":"open","template":"","meta":{"footnotes":""},"class_list":["post-3570","page","type-page","status-publish","hentry"],"_links":{"self":[{"href":"https:\/\/www.astri.at\/astri\/wp-json\/wp\/v2\/pages\/3570","targetHints":{"allow":["GET"]}}],"collection":[{"href":"https:\/\/www.astri.at\/astri\/wp-json\/wp\/v2\/pages"}],"about":[{"href":"https:\/\/www.astri.at\/astri\/wp-json\/wp\/v2\/types\/page"}],"author":[{"embeddable":true,"href":"https:\/\/www.astri.at\/astri\/wp-json\/wp\/v2\/users\/2"}],"replies":[{"embeddable":true,"href":"https:\/\/www.astri.at\/astri\/wp-json\/wp\/v2\/comments?post=3570"}],"version-history":[{"count":3,"href":"https:\/\/www.astri.at\/astri\/wp-json\/wp\/v2\/pages\/3570\/revisions"}],"predecessor-version":[{"id":5679,"href":"https:\/\/www.astri.at\/astri\/wp-json\/wp\/v2\/pages\/3570\/revisions\/5679"}],"wp:attachment":[{"href":"https:\/\/www.astri.at\/astri\/wp-json\/wp\/v2\/media?parent=3570"}],"curies":[{"name":"wp","href":"https:\/\/api.w.org\/{rel}","templated":true}]}}