{"id":3020,"date":"2014-08-07T19:20:09","date_gmt":"2014-08-07T17:20:09","guid":{"rendered":"http:\/\/www.astri.at\/astri\/?page_id=3020"},"modified":"2021-04-30T10:28:12","modified_gmt":"2021-04-30T08:28:12","slug":"ueber-astri","status":"publish","type":"page","link":"https:\/\/www.astri.at\/astri\/ueber-astri\/","title":{"rendered":"\u00dcber Astri"},"content":{"rendered":"<section class=\"l-section wpb_row height_small color_alternate with_img\"><div class=\"l-section-img\" role=\"img\" aria-label=\"Bild\" data-img-width=\"400\" data-img-height=\"400\" style=\"background-image: url(https:\/\/www.astri.at\/astri\/a13_media\/2014\/08\/purty_wood2.png);background-position: ;background-repeat: ;\"><\/div><div class=\"l-section-h i-cf\"><div class=\"g-cols vc_row via_flex valign_middle type_default stacking_default\"><div class=\"vc_col-sm-6 wpb_column vc_column_container\"><div class=\"vc_column-inner\"><div class=\"wpb_wrapper\"><h1 class=\"w-post-elm post_title us_custom_607cd7e8 entry-title color_link_inherit\">\u00dcber Astri<\/h1><\/div><\/div><\/div><div class=\"vc_col-sm-6 wpb_column vc_column_container\"><div class=\"vc_column-inner\"><div class=\"wpb_wrapper\"><nav class=\"g-breadcrumbs us_custom_ea2be81a separator_icon align_right\" itemscope itemtype=\"http:\/\/schema.org\/BreadcrumbList\"><div class=\"g-breadcrumbs-item\" itemscope itemprop=\"itemListElement\" itemtype=\"http:\/\/schema.org\/ListItem\"><a itemprop=\"item\" href=\"https:\/\/www.astri.at\/astri\/\"><span itemprop=\"name\">Start<\/span><\/a><meta itemprop=\"position\" content=\"1\"\/><\/div><div class=\"g-breadcrumbs-separator\"><i class=\"far fa-arrow-alt-circle-right\"><\/i><\/div><div class=\"g-breadcrumbs-item\">Seiten<\/div><\/nav><\/div><\/div><\/div><\/div><\/div><\/section><section class=\"l-section wpb_row height_medium color_primary with_img parallax_hor bgwidth_130\"><div class=\"l-section-img\" role=\"img\" aria-label=\"Bild\" data-img-width=\"2920\" data-img-height=\"1082\" style=\"background-image: url(https:\/\/www.astri.at\/astri\/a13_media\/2014\/08\/ueber_astri.jpg);\"><\/div><div class=\"l-section-h i-cf\"><div class=\"g-cols vc_row via_flex valign_top type_default stacking_default\"><div class=\"vc_col-sm-12 wpb_column vc_column_container\"><div class=\"vc_column-inner\"><div class=\"wpb_wrapper\"><div class=\"wpb_text_column\"><div class=\"wpb_wrapper\"><p>&nbsp;<\/p>\n<p>&nbsp;<\/p>\n<p>&nbsp;<\/p>\n<p>&nbsp;<\/p>\n<\/div><\/div><\/div><\/div><\/div><\/div><\/div><\/section><section class=\"l-section wpb_row height_medium\"><div class=\"l-section-h i-cf\"><div class=\"g-cols vc_row via_flex valign_top type_default stacking_default\"><div class=\"vc_col-sm-4 wpb_column vc_column_container\"><div class=\"vc_column-inner\"><div class=\"wpb_wrapper\"><div class=\"wpb_text_column\"><div class=\"wpb_wrapper\"><h4><span style=\"color: #993300;\">Astri produziert in \u00d6tztal Bahnhof bew\u00e4hrte und funktionelle Bekleidung zum<\/span><\/h4>\n<p><span style=\"font-size: small;\"><strong><span style=\"color: #a90518;\">Wandern, Bergsteigen, f\u00fcr den gesamten alpinen Bereich<\/span><\/strong> <\/span><span style=\"font-size: small;\">und somit umfasst Astri den gesamten <span style=\"color: #a90518;\">Outdoor-Bereich.<\/span><\/span><\/p>\n<p><span style=\"font-size: small;\">Aber auch bei der<span style=\"color: #a90518;\"><strong> Jagdbekleidung<\/strong><\/span> hat sich Astri seit einigen Jahren <\/span><span style=\"font-size: small;\">einen Namen gemacht und z\u00e4hlt somit auch zu den f\u00fchrenden Anbietern in \u00d6sterreich.<\/span><\/p>\n<p><span style=\"font-size: small;\">Traditionelle Loden oder Wakstoffe, aber auch technische Qualit\u00e4ten mit NANO Ausr\u00fcstung <\/span><span style=\"font-size: small;\">werden zu funktioneller und traditioneller Jagdbekleidung verarbeitet.<\/span><\/p>\n<div class=\"w-separator size_medium with_line width_default thick_1 style_solid color_border align_center with_content\"><div class=\"w-separator-h\"><i class=\"fas fa-star\"><\/i><\/div><\/div>\n<\/div><\/div><\/div><\/div><\/div><div class=\"vc_col-sm-4 wpb_column vc_column_container\"><div class=\"vc_column-inner\"><div class=\"wpb_wrapper\"><div class=\"wpb_text_column\"><div class=\"wpb_wrapper\"><h4><span style=\"color: #993300;\">Mit der neuen Outdoorkollektion folgt der Sportmodehersteller einem neuen Trend.<\/span><\/h4>\n<p><span style=\"font-size: small;\">Sowohl bei den Hosen als auch bei den neuen Hemden sorgen bunte Stoffe <\/span><span style=\"font-size: small;\">und Dessins f\u00fcr mehr Farbe am Berg. <\/span><span style=\"font-size: small;\">Ultraleichte und schnell trocknende Materialien bieten h\u00f6chsten Tragekomfort.<\/span><\/p>\n<p><span style=\"font-size: small;\">Daneben nehmen die klassischen Modelle weiterhin den gr\u00f6\u00dften Platz ein. <\/span><span style=\"font-size: small;\">Das gesamte Erfolgsprogramm von Astri \u00fcberzeugt durch eine optimale Schnittf\u00fchrung <\/span><span style=\"font-size: small;\">und ausgezeichnete Verarbeitung sowie einer hohen Funktionalit\u00e4t und innovativen high-tech Geweben von Schoeller.<\/span><\/p>\n<p><span style=\"font-size: small;\"><span style=\"color: #a90518;\"><strong>Schoeller Switzerland<\/strong> <\/span>ist Garant f\u00fcr erstklassige Qualit\u00e4t, <\/span><span style=\"font-size: small;\">au\u00dfergew\u00f6hnliche funktionen und neueste Technologien. <\/span><span style=\"font-size: small;\">Schoeller Switzerland wurde als erstem Schweizer Unternehmen f\u00fcr die gesamte Produktpalette <\/span><span style=\"font-size: small;\">der \u00d6ko-Tex Standard 100 verliehen. <\/span><\/p>\n<p><span style=\"font-size: small;\">Durch die Verbindung von Naturfasern und high-tech Fasern ist die Schoeller Qualit\u00e4t<\/span><\/p>\n<ul>\n<li>\u00e4u\u00dferst strapazierf\u00e4hig<\/li>\n<li>atmungsaktiv<\/li>\n<li>federleicht<\/li>\n<li>wind-, wasser- und schmutzabweisend<\/li>\n<li>waschmaschinenfest<\/li>\n<\/ul>\n<div class=\"w-separator size_large with_line width_default thick_1 style_solid color_border align_center with_content\"><div class=\"w-separator-h\"><i class=\"fas fa-star\"><\/i><\/div><\/div>\n<\/div><\/div><\/div><\/div><\/div><div class=\"vc_col-sm-4 wpb_column vc_column_container\"><div class=\"vc_column-inner\"><div class=\"wpb_wrapper\"><div class=\"wpb_text_column\"><div class=\"wpb_wrapper\"><h4><span style=\"color: #a90518;\">Zur Geschichte von Astri:<\/span><\/h4>\n<p><span style=\"font-size: small;\">ASTRI, eine traditionelle<strong> TIROLER Bekleidungsfirma<\/strong>, <\/span><span style=\"font-size: small;\">wurde vor nunmehr \u00fcber 60 Jahren vom Haiminger Unternehmer Alois Strigl gegr\u00fcndet.<\/span><\/p>\n<p><span style=\"font-size: small;\">Aus den Anfangsbuchstaben seines Namens Alois STRigl wurde der Markenname ASTRI hergeleitet <\/span><span style=\"font-size: small;\">und dieser ist seither ein bestens bekannter Begriff f\u00fcr hochwertige und funktionelle Sport und Jagdbekeidung.<\/span><\/p>\n<p><span style=\"font-size: small;\">Mit dem Nachfolger Helmut Strigl und dessen Sohn Clemens Strigl besteht ASTRI nunmehr in dritter Generation.<\/span><\/p>\n<p><span style=\"font-size: small;\">In \u00d6tztal Bahnhof, inmitten eines sch\u00f6nen und ruhigen Wohngebietes befindet sich<\/span><span style=\"font-size: small;\">\u00a0<strong>seit 1964 die Produktionsst\u00e4tte<\/strong> welche sich auf Grund seiner \u00e4u\u00dferst <\/span><span style=\"font-size: small;\">umweltvertr\u00e4glichen Produktionsmethoden problemlos in die Umgebung eingegliedert hat.<\/span><\/p>\n<p><span style=\"font-size: small;\">\u00dcber 3 Millionen Hosen, Jacken, Hemden und anderes mehr wurde seit der Gr\u00fcndung bereits produziert <\/span><span style=\"font-size: small;\">und einige hundert Mitarbeiterinnen fanden w\u00e4hrend dieser Jahre bei ASTRI stets sichere Ganzjahresstellen.<\/span><\/p>\n<div class=\"w-separator size_huge with_line width_default thick_1 style_solid color_border align_center with_content\"><div class=\"w-separator-h\"><i class=\"fas fa-star\"><\/i><\/div><\/div>\n<\/div><\/div><\/div><\/div><\/div><\/div><\/div><\/section><section class=\"l-section wpb_row height_medium color_alternate\"><div class=\"l-section-h i-cf\"><div class=\"g-cols vc_row via_flex valign_top type_default stacking_default\"><div class=\"vc_col-sm-12 wpb_column vc_column_container us_animate_hfc\"><div class=\"vc_column-inner\"><div class=\"wpb_wrapper\"><div class=\"w-actionbox color_light controls_right\"><div class=\"w-actionbox-text\"><h2 class=\"w-actionbox-title\">IMMER UP TO DATE&#8230; LIKE US ON FACEBOOK!<\/h2><\/div><div class=\"w-actionbox-controls\"><a class=\"w-btn us-btn-style_1\" style=\"font-size:px\" href=\"http:\/\/www.facebook.at\/astrijagd\"><span class=\"w-btn-label\">\u00bb\u00bb GFOIT DA \ud83d\ude09<\/span><\/a><\/div><\/div><\/div><\/div><\/div><\/div><\/div><\/section><section class=\"l-section wpb_row height_medium color_alternate with_img parallax_ver\"><div class=\"l-section-img\" role=\"img\" aria-label=\"Bild\" data-img-width=\"1690\" data-img-height=\"1124\" style=\"background-image: url(https:\/\/www.astri.at\/astri\/a13_media\/2014\/08\/section.jpg);\"><\/div><div class=\"l-section-h i-cf\"><div class=\"g-cols vc_row via_flex valign_top type_default stacking_default\"><div class=\"vc_col-sm-12 wpb_column vc_column_container\"><div class=\"vc_column-inner\"><div class=\"wpb_wrapper\"><div class=\"w-grid us_carousel type_carousel layout_5298 preload_style_spinner items_5\" id=\"us_grid_1\" style=\"--items:5;\"><style>.layout_5298 .w-grid-item-h{}.layout_5298 .usg_post_image_1{transition-duration:0.3s;opacity:0.66}.layout_5298 .w-grid-item-h:focus-within .usg_post_image_1,.layout_5298 .w-grid-item-h:hover .usg_post_image_1{opacity:1;border-color:#d0101c!important}<\/style><div class=\"w-grid-list owl-carousel valign_middle dotstyle_circle navstyle_circle arrows-ver-pos_middle arrows-hor-pos_on_sides_outside arrows-disabled_hide owl-responsive-2000\" style=\"--transition-duration:350ms;\">\t<article class=\"w-grid-item post-4439 attachment type-attachment status-inherit hentry\" data-id=\"4439\">\r\n\t\t<div class=\"w-grid-item-h\">\r\n\t\t\t\t\t\t<div class=\"w-post-elm post_image usg_post_image_1\"><a target=\"_blank\" rel=\"nofollow\" href=\"http:\/\/www.astri.at\/astri\/produkte\/outdoormode\/\" aria-label=\"sport_2\"><img decoding=\"async\" width=\"204\" height=\"136\" src=\"https:\/\/www.astri.at\/astri\/a13_media\/2013\/06\/sport_2.jpg\" class=\"attachment-medium size-medium\" alt=\"astri | Produzent f\u00fcr Jagd- und Sportbekleidung\" srcset=\"https:\/\/www.astri.at\/astri\/a13_media\/2013\/06\/sport_2.jpg 204w, https:\/\/www.astri.at\/astri\/a13_media\/2013\/06\/sport_2-60x40.jpg 60w\" sizes=\"(max-width: 204px) 100vw, 204px\" \/><\/a><\/div>\t\t<\/div>\r\n\t\t\t<\/article>\r\n\t<article class=\"w-grid-item post-4438 attachment type-attachment status-inherit hentry\" data-id=\"4438\">\r\n\t\t<div class=\"w-grid-item-h\">\r\n\t\t\t\t\t\t<div class=\"w-post-elm post_image usg_post_image_1\"><a target=\"_blank\" rel=\"nofollow\" href=\"http:\/\/www.astri.at\/astri\/produkte\/outdoormode\/\" aria-label=\"sport_1\"><img decoding=\"async\" width=\"204\" height=\"136\" src=\"https:\/\/www.astri.at\/astri\/a13_media\/2013\/06\/sport_1.jpg\" class=\"attachment-medium size-medium\" alt=\"astri | Produzent f\u00fcr Jagd- und Sportbekleidung\" srcset=\"https:\/\/www.astri.at\/astri\/a13_media\/2013\/06\/sport_1.jpg 204w, https:\/\/www.astri.at\/astri\/a13_media\/2013\/06\/sport_1-60x40.jpg 60w\" sizes=\"(max-width: 204px) 100vw, 204px\" \/><\/a><\/div>\t\t<\/div>\r\n\t\t\t<\/article>\r\n\t<article class=\"w-grid-item post-4437 attachment type-attachment status-inherit hentry\" data-id=\"4437\">\r\n\t\t<div class=\"w-grid-item-h\">\r\n\t\t\t\t\t\t<div class=\"w-post-elm post_image usg_post_image_1\"><a target=\"_blank\" rel=\"nofollow\" href=\"http:\/\/www.astri.at\/astri\/produkte\/landhausmode\/\" aria-label=\"landhaus_2\"><img decoding=\"async\" width=\"204\" height=\"136\" src=\"https:\/\/www.astri.at\/astri\/a13_media\/2013\/06\/landhaus_2.jpg\" class=\"attachment-medium size-medium\" alt=\"astri | Produzent f\u00fcr Jagd- und Sportbekleidung\" srcset=\"https:\/\/www.astri.at\/astri\/a13_media\/2013\/06\/landhaus_2.jpg 204w, https:\/\/www.astri.at\/astri\/a13_media\/2013\/06\/landhaus_2-60x40.jpg 60w\" sizes=\"(max-width: 204px) 100vw, 204px\" \/><\/a><\/div>\t\t<\/div>\r\n\t\t\t<\/article>\r\n\t<article class=\"w-grid-item post-4436 attachment type-attachment status-inherit hentry\" data-id=\"4436\">\r\n\t\t<div class=\"w-grid-item-h\">\r\n\t\t\t\t\t\t<div class=\"w-post-elm post_image usg_post_image_1\"><a target=\"_blank\" rel=\"nofollow\" href=\"http:\/\/www.astri.at\/astri\/produkte\/landhausmode\/\" aria-label=\"landhaus_1\"><img decoding=\"async\" width=\"204\" height=\"136\" src=\"https:\/\/www.astri.at\/astri\/a13_media\/2013\/06\/landhaus_1.jpg\" class=\"attachment-medium size-medium\" alt=\"astri | Produzent f\u00fcr Jagd- und Sportbekleidung\" srcset=\"https:\/\/www.astri.at\/astri\/a13_media\/2013\/06\/landhaus_1.jpg 204w, https:\/\/www.astri.at\/astri\/a13_media\/2013\/06\/landhaus_1-60x40.jpg 60w\" sizes=\"(max-width: 204px) 100vw, 204px\" \/><\/a><\/div>\t\t<\/div>\r\n\t\t\t<\/article>\r\n\t<article class=\"w-grid-item post-4435 attachment type-attachment status-inherit hentry\" data-id=\"4435\">\r\n\t\t<div class=\"w-grid-item-h\">\r\n\t\t\t\t\t\t<div class=\"w-post-elm post_image usg_post_image_1\"><a target=\"_blank\" rel=\"nofollow\" href=\"http:\/\/www.astri.at\/astri\/produkte\/jagdbekleidung\/\" aria-label=\"jagd_3\"><img decoding=\"async\" width=\"204\" height=\"136\" src=\"https:\/\/www.astri.at\/astri\/a13_media\/2013\/06\/jagd_3.jpg\" class=\"attachment-medium size-medium\" alt=\"astri | Produzent f\u00fcr Jagd- und Sportbekleidung\" srcset=\"https:\/\/www.astri.at\/astri\/a13_media\/2013\/06\/jagd_3.jpg 204w, https:\/\/www.astri.at\/astri\/a13_media\/2013\/06\/jagd_3-60x40.jpg 60w\" sizes=\"(max-width: 204px) 100vw, 204px\" \/><\/a><\/div>\t\t<\/div>\r\n\t\t\t<\/article>\r\n\t<article class=\"w-grid-item post-4434 attachment type-attachment status-inherit hentry\" data-id=\"4434\">\r\n\t\t<div class=\"w-grid-item-h\">\r\n\t\t\t\t\t\t<div class=\"w-post-elm post_image usg_post_image_1\"><a target=\"_blank\" rel=\"nofollow\" href=\"http:\/\/www.astri.at\/astri\/produkte\/jagdbekleidung\/\" aria-label=\"jagd_2\"><img decoding=\"async\" width=\"204\" height=\"136\" src=\"https:\/\/www.astri.at\/astri\/a13_media\/2013\/06\/jagd_2.jpg\" class=\"attachment-medium size-medium\" alt=\"astri | Produzent f\u00fcr Jagd- und Sportbekleidung\" srcset=\"https:\/\/www.astri.at\/astri\/a13_media\/2013\/06\/jagd_2.jpg 204w, https:\/\/www.astri.at\/astri\/a13_media\/2013\/06\/jagd_2-60x40.jpg 60w\" sizes=\"(max-width: 204px) 100vw, 204px\" \/><\/a><\/div>\t\t<\/div>\r\n\t\t\t<\/article>\r\n\t<article class=\"w-grid-item post-4433 attachment type-attachment status-inherit hentry\" data-id=\"4433\">\r\n\t\t<div class=\"w-grid-item-h\">\r\n\t\t\t\t\t\t<div class=\"w-post-elm post_image usg_post_image_1\"><a target=\"_blank\" rel=\"nofollow\" href=\"http:\/\/www.astri.at\/astri\/produkte\/jagdbekleidung\/\" aria-label=\"jagd_1\"><img decoding=\"async\" width=\"204\" height=\"136\" src=\"https:\/\/www.astri.at\/astri\/a13_media\/2013\/06\/jagd_1.jpg\" class=\"attachment-medium size-medium\" alt=\"astri | Produzent f\u00fcr Jagd- und Sportbekleidung\" srcset=\"https:\/\/www.astri.at\/astri\/a13_media\/2013\/06\/jagd_1.jpg 204w, https:\/\/www.astri.at\/astri\/a13_media\/2013\/06\/jagd_1-60x40.jpg 60w\" sizes=\"(max-width: 204px) 100vw, 204px\" \/><\/a><\/div>\t\t<\/div>\r\n\t\t\t<\/article>\r\n\t<article class=\"w-grid-item post-3212 attachment type-attachment status-inherit hentry\" data-id=\"3212\">\r\n\t\t<div class=\"w-grid-item-h\">\r\n\t\t\t\t\t\t<div class=\"w-post-elm post_image usg_post_image_1\"><a target=\"_blank\" rel=\"nofollow\" href=\"http:\/\/www.astri.at\/astri\/produkte\/outdoormode\/\" aria-label=\"image_2\"><img decoding=\"async\" width=\"204\" height=\"136\" src=\"https:\/\/www.astri.at\/astri\/a13_media\/2013\/06\/image_2.jpg\" class=\"attachment-medium size-medium\" alt=\"\" \/><\/a><\/div>\t\t<\/div>\r\n\t\t\t<\/article>\r\n<\/div><div class=\"w-grid-carousel-json hidden\" onclick='return {&quot;carousel_settings&quot;:{&quot;aria_labels&quot;:{&quot;prev&quot;:&quot;Zur\\u00fcck&quot;,&quot;next&quot;:&quot;Weiter&quot;},&quot;autoplayContinual&quot;:false,&quot;autoplayHoverPause&quot;:false,&quot;autoplayTimeout&quot;:3000,&quot;autoWidth&quot;:false,&quot;smartSpeed&quot;:350,&quot;margin&quot;:0,&quot;mouseDrag&quot;:true,&quot;rtl&quot;:false,&quot;slideBy&quot;:&quot;1&quot;,&quot;touchDrag&quot;:true,&quot;slideTransition&quot;:&quot;&quot;,&quot;responsive&quot;:{&quot;0&quot;:{&quot;autoHeight&quot;:false,&quot;autoplay&quot;:true,&quot;autoWidth&quot;:false,&quot;center&quot;:false,&quot;dots&quot;:false,&quot;items&quot;:1,&quot;loop&quot;:true,&quot;nav&quot;:false,&quot;stagePadding&quot;:0,&quot;slideBy&quot;:&quot;1&quot;},&quot;601&quot;:{&quot;autoHeight&quot;:false,&quot;autoplay&quot;:true,&quot;autoWidth&quot;:false,&quot;center&quot;:false,&quot;dots&quot;:false,&quot;items&quot;:2,&quot;loop&quot;:true,&quot;nav&quot;:false,&quot;stagePadding&quot;:0,&quot;slideBy&quot;:&quot;1&quot;},&quot;1025&quot;:{&quot;autoHeight&quot;:false,&quot;autoplay&quot;:true,&quot;autoWidth&quot;:false,&quot;center&quot;:false,&quot;dots&quot;:false,&quot;items&quot;:3,&quot;loop&quot;:true,&quot;nav&quot;:false,&quot;stagePadding&quot;:0,&quot;slideBy&quot;:&quot;1&quot;},&quot;1281&quot;:{&quot;items&quot;:5,&quot;autoplay&quot;:true,&quot;center&quot;:false,&quot;dots&quot;:false,&quot;nav&quot;:false,&quot;autoHeight&quot;:false,&quot;autoWidth&quot;:false,&quot;loop&quot;:true,&quot;stagePadding&quot;:0}}}}'><\/div><\/div><\/div><\/div><\/div><\/div><\/div><\/section>\n","protected":false},"excerpt":{"rendered":"","protected":false},"author":2,"featured_media":0,"parent":0,"menu_order":0,"comment_status":"closed","ping_status":"open","template":"","meta":{"footnotes":""},"class_list":["post-3020","page","type-page","status-publish","hentry"],"_links":{"self":[{"href":"https:\/\/www.astri.at\/astri\/wp-json\/wp\/v2\/pages\/3020","targetHints":{"allow":["GET"]}}],"collection":[{"href":"https:\/\/www.astri.at\/astri\/wp-json\/wp\/v2\/pages"}],"about":[{"href":"https:\/\/www.astri.at\/astri\/wp-json\/wp\/v2\/types\/page"}],"author":[{"embeddable":true,"href":"https:\/\/www.astri.at\/astri\/wp-json\/wp\/v2\/users\/2"}],"replies":[{"embeddable":true,"href":"https:\/\/www.astri.at\/astri\/wp-json\/wp\/v2\/comments?post=3020"}],"version-history":[{"count":0,"href":"https:\/\/www.astri.at\/astri\/wp-json\/wp\/v2\/pages\/3020\/revisions"}],"wp:attachment":[{"href":"https:\/\/www.astri.at\/astri\/wp-json\/wp\/v2\/media?parent=3020"}],"curies":[{"name":"wp","href":"https:\/\/api.w.org\/{rel}","templated":true}]}}